{"id":115,"date":"2022-03-18T12:55:12","date_gmt":"2022-03-18T12:55:12","guid":{"rendered":"http:\/\/nawigator.bsr.edu.pl\/?page_id=115"},"modified":"2022-03-24T11:33:53","modified_gmt":"2022-03-24T11:33:53","slug":"formularz","status":"publish","type":"page","link":"http:\/\/nawigator.bsr.edu.pl\/?page_id=115","title":{"rendered":"Kontakt"},"content":{"rendered":"\t\t<div data-elementor-type=\"wp-page\" data-elementor-id=\"115\" class=\"elementor elementor-115\" data-elementor-settings=\"[]\">\n\t\t\t\t\t\t\t<div class=\"elementor-section-wrap\">\n\t\t\t\t\t\t\t<section class=\"elementor-section elementor-top-section elementor-element elementor-element-b69bbeb elementor-section-boxed elementor-section-height-default elementor-section-height-default\" data-id=\"b69bbeb\" data-element_type=\"section\" data-settings=\"{&quot;background_background&quot;:&quot;classic&quot;,&quot;shape_divider_bottom&quot;:&quot;mountains&quot;}\">\n\t\t\t\t\t<div class=\"elementor-shape elementor-shape-bottom\" data-negative=\"false\">\n\t\t\t<svg xmlns=\"http:\/\/www.w3.org\/2000\/svg\" viewBox=\"0 0 1000 100\" preserveAspectRatio=\"none\">\n\t<path class=\"elementor-shape-fill\" opacity=\"0.33\" d=\"M473,67.3c-203.9,88.3-263.1-34-320.3,0C66,119.1,0,59.7,0,59.7V0h1000v59.7 c0,0-62.1,26.1-94.9,29.3c-32.8,3.3-62.8-12.3-75.8-22.1C806,49.6,745.3,8.7,694.9,4.7S492.4,59,473,67.3z\"\/>\n\t<path class=\"elementor-shape-fill\" opacity=\"0.66\" d=\"M734,67.3c-45.5,0-77.2-23.2-129.1-39.1c-28.6-8.7-150.3-10.1-254,39.1 s-91.7-34.4-149.2,0C115.7,118.3,0,39.8,0,39.8V0h1000v36.5c0,0-28.2-18.5-92.1-18.5C810.2,18.1,775.7,67.3,734,67.3z\"\/>\n\t<path class=\"elementor-shape-fill\" d=\"M766.1,28.9c-200-57.5-266,65.5-395.1,19.5C242,1.8,242,5.4,184.8,20.6C128,35.8,132.3,44.9,89.9,52.5C28.6,63.7,0,0,0,0 h1000c0,0-9.9,40.9-83.6,48.1S829.6,47,766.1,28.9z\"\/>\n<\/svg>\t\t<\/div>\n\t\t\t\t\t<div class=\"elementor-container elementor-column-gap-default\">\n\t\t\t\t\t<div class=\"elementor-column elementor-col-100 elementor-top-column elementor-element elementor-element-4fbbd0d\" data-id=\"4fbbd0d\" data-element_type=\"column\">\n\t\t\t<div class=\"elementor-widget-wrap elementor-element-populated\">\n\t\t\t\t\t\t\t\t<div class=\"elementor-element elementor-element-fdcc333 elementor-widget elementor-widget-heading\" data-id=\"fdcc333\" data-element_type=\"widget\" data-widget_type=\"heading.default\">\n\t\t\t\t<div class=\"elementor-widget-container\">\n\t\t\t<style>\/*! elementor - v3.5.6 - 28-02-2022 *\/\n.elementor-heading-title{padding:0;margin:0;line-height:1}.elementor-widget-heading .elementor-heading-title[class*=elementor-size-]>a{color:inherit;font-size:inherit;line-height:inherit}.elementor-widget-heading .elementor-heading-title.elementor-size-small{font-size:15px}.elementor-widget-heading .elementor-heading-title.elementor-size-medium{font-size:19px}.elementor-widget-heading .elementor-heading-title.elementor-size-large{font-size:29px}.elementor-widget-heading .elementor-heading-title.elementor-size-xl{font-size:39px}.elementor-widget-heading .elementor-heading-title.elementor-size-xxl{font-size:59px}<\/style><h2 class=\"elementor-heading-title elementor-size-default\">Inne informacje<\/h2>\t\t<\/div>\n\t\t\t\t<\/div>\n\t\t\t\t\t<\/div>\n\t\t<\/div>\n\t\t\t\t\t\t\t<\/div>\n\t\t<\/section>\n\t\t\t\t<section class=\"elementor-section elementor-top-section elementor-element elementor-element-e564b23 elementor-section-boxed elementor-section-height-default elementor-section-height-default\" data-id=\"e564b23\" data-element_type=\"section\" data-settings=\"{&quot;background_background&quot;:&quot;classic&quot;,&quot;shape_divider_top&quot;:&quot;mountains&quot;,&quot;shape_divider_bottom&quot;:&quot;mountains&quot;}\">\n\t\t\t\t\t<div class=\"elementor-shape elementor-shape-top\" data-negative=\"false\">\n\t\t\t<svg xmlns=\"http:\/\/www.w3.org\/2000\/svg\" viewBox=\"0 0 1000 100\" preserveAspectRatio=\"none\">\n\t<path class=\"elementor-shape-fill\" opacity=\"0.33\" d=\"M473,67.3c-203.9,88.3-263.1-34-320.3,0C66,119.1,0,59.7,0,59.7V0h1000v59.7 c0,0-62.1,26.1-94.9,29.3c-32.8,3.3-62.8-12.3-75.8-22.1C806,49.6,745.3,8.7,694.9,4.7S492.4,59,473,67.3z\"\/>\n\t<path class=\"elementor-shape-fill\" opacity=\"0.66\" d=\"M734,67.3c-45.5,0-77.2-23.2-129.1-39.1c-28.6-8.7-150.3-10.1-254,39.1 s-91.7-34.4-149.2,0C115.7,118.3,0,39.8,0,39.8V0h1000v36.5c0,0-28.2-18.5-92.1-18.5C810.2,18.1,775.7,67.3,734,67.3z\"\/>\n\t<path class=\"elementor-shape-fill\" d=\"M766.1,28.9c-200-57.5-266,65.5-395.1,19.5C242,1.8,242,5.4,184.8,20.6C128,35.8,132.3,44.9,89.9,52.5C28.6,63.7,0,0,0,0 h1000c0,0-9.9,40.9-83.6,48.1S829.6,47,766.1,28.9z\"\/>\n<\/svg>\t\t<\/div>\n\t\t\t\t<div class=\"elementor-shape elementor-shape-bottom\" data-negative=\"false\">\n\t\t\t<svg xmlns=\"http:\/\/www.w3.org\/2000\/svg\" viewBox=\"0 0 1000 100\" preserveAspectRatio=\"none\">\n\t<path class=\"elementor-shape-fill\" opacity=\"0.33\" d=\"M473,67.3c-203.9,88.3-263.1-34-320.3,0C66,119.1,0,59.7,0,59.7V0h1000v59.7 c0,0-62.1,26.1-94.9,29.3c-32.8,3.3-62.8-12.3-75.8-22.1C806,49.6,745.3,8.7,694.9,4.7S492.4,59,473,67.3z\"\/>\n\t<path class=\"elementor-shape-fill\" opacity=\"0.66\" d=\"M734,67.3c-45.5,0-77.2-23.2-129.1-39.1c-28.6-8.7-150.3-10.1-254,39.1 s-91.7-34.4-149.2,0C115.7,118.3,0,39.8,0,39.8V0h1000v36.5c0,0-28.2-18.5-92.1-18.5C810.2,18.1,775.7,67.3,734,67.3z\"\/>\n\t<path class=\"elementor-shape-fill\" d=\"M766.1,28.9c-200-57.5-266,65.5-395.1,19.5C242,1.8,242,5.4,184.8,20.6C128,35.8,132.3,44.9,89.9,52.5C28.6,63.7,0,0,0,0 h1000c0,0-9.9,40.9-83.6,48.1S829.6,47,766.1,28.9z\"\/>\n<\/svg>\t\t<\/div>\n\t\t\t\t\t<div class=\"elementor-container elementor-column-gap-default\">\n\t\t\t\t\t<div class=\"elementor-column elementor-col-100 elementor-top-column elementor-element elementor-element-0065a58\" data-id=\"0065a58\" data-element_type=\"column\">\n\t\t\t<div class=\"elementor-widget-wrap elementor-element-populated\">\n\t\t\t\t\t\t\t\t<section class=\"elementor-section elementor-inner-section elementor-element elementor-element-4d55438 elementor-section-boxed elementor-section-height-default elementor-section-height-default\" data-id=\"4d55438\" data-element_type=\"section\">\n\t\t\t\t\t\t<div class=\"elementor-container elementor-column-gap-default\">\n\t\t\t\t\t<div class=\"elementor-column elementor-col-50 elementor-inner-column elementor-element elementor-element-639f5ed\" data-id=\"639f5ed\" data-element_type=\"column\">\n\t\t\t<div class=\"elementor-widget-wrap elementor-element-populated\">\n\t\t\t\t\t\t\t\t<div class=\"elementor-element elementor-element-09f07df elementor-widget elementor-widget-text-editor\" data-id=\"09f07df\" data-element_type=\"widget\" data-widget_type=\"text-editor.default\">\n\t\t\t\t<div class=\"elementor-widget-container\">\n\t\t\t<style>\/*! elementor - v3.5.6 - 28-02-2022 *\/\n.elementor-widget-text-editor.elementor-drop-cap-view-stacked .elementor-drop-cap{background-color:#818a91;color:#fff}.elementor-widget-text-editor.elementor-drop-cap-view-framed .elementor-drop-cap{color:#818a91;border:3px solid;background-color:transparent}.elementor-widget-text-editor:not(.elementor-drop-cap-view-default) .elementor-drop-cap{margin-top:8px}.elementor-widget-text-editor:not(.elementor-drop-cap-view-default) .elementor-drop-cap-letter{width:1em;height:1em}.elementor-widget-text-editor .elementor-drop-cap{float:left;text-align:center;line-height:1;font-size:50px}.elementor-widget-text-editor .elementor-drop-cap-letter{display:inline-block}<\/style>\t\t\t\t<h1 style=\"font-size: 15px; font-style: normal; font-weight: 400; margin-top: 0pt; margin-bottom: 0pt; line-height: 1.38; padding-left: 40px;\"><span style=\"font-size: 14pt; font-family: Montserrat, sans-serif; color: #000000; background-color: transparent; font-weight: bold; font-variant-numeric: normal; font-variant-east-asian: normal; vertical-align: baseline; white-space: pre-wrap;\">KONTAKT DO NAS<\/span><\/h1><p style=\"font-size: 15px; font-style: normal; font-weight: 400; padding-left: 40px;\"><span id=\"docs-internal-guid-d5e3e150-7fff-a66f-5492-ccd917aa3bbc\">\u00a0<\/span><\/p><p style=\"font-size: 15px; font-style: normal; font-weight: 400; padding-left: 40px;\"><span style=\"background-color: transparent; font-size: 11pt; font-family: Montserrat, sans-serif; color: #000000; font-variant-numeric: normal; font-variant-east-asian: normal; vertical-align: baseline; white-space: pre-wrap;\">e-mail: <\/span><a style=\"font-family: var( --e-global-typography-text-font-family ), Sans-serif; text-decoration-line: none;\" href=\"mailto:nawigator.projekt@gmail.com\"><span style=\"font-size: 11pt; font-family: Montserrat, sans-serif; color: #1155cc; background-color: transparent; font-variant-numeric: normal; font-variant-east-asian: normal; text-decoration-line: underline; text-decoration-skip-ink: none; vertical-align: baseline; white-space: pre-wrap;\">nawigator.projekt@gmail.com<\/span><\/a><span style=\"color: #1155cc;\"><u><br \/><\/u><\/span><span style=\"background-color: transparent; color: #000000; font-family: Montserrat, sans-serif; font-size: 11pt; white-space: pre-wrap;\">telefon kontaktowy: +48 536 860 688<\/span><\/p><p dir=\"ltr\" style=\"font-size: 15px; font-style: normal; font-weight: 400; margin-top: 0pt; margin-bottom: 0pt; line-height: 1.38; padding-left: 40px;\"><span style=\"font-size: 11pt; font-family: Montserrat, sans-serif; color: #000000; background-color: transparent; font-variant-numeric: normal; font-variant-east-asian: normal; vertical-align: baseline; white-space: pre-wrap;\">\u00a0<\/span><\/p><p dir=\"ltr\" style=\"font-size: 15px; font-style: normal; font-weight: 400; margin-top: 0pt; margin-bottom: 0pt; line-height: 1.38; padding-left: 40px;\"><span style=\"font-size: 11pt; font-family: Montserrat, sans-serif; color: #000000; background-color: transparent; font-variant-numeric: normal; font-variant-east-asian: normal; vertical-align: baseline; white-space: pre-wrap;\">Maile do cz\u0142onk\u00f3w:<\/span><\/p><p dir=\"ltr\" style=\"font-size: 15px; font-style: normal; font-weight: 400; margin-top: 0pt; margin-bottom: 0pt; line-height: 1.38; padding-left: 40px;\"><span style=\"font-size: 11pt; font-family: Montserrat, sans-serif; color: #000000; background-color: transparent; font-variant-numeric: normal; font-variant-east-asian: normal; vertical-align: baseline; white-space: pre-wrap;\">Tonia &#8211; <\/span><a style=\"text-decoration-line: none;\" href=\"mailto:antonina.petryka@bsr.edu.pl\"><span style=\"font-size: 11pt; font-family: Montserrat, sans-serif; color: #1155cc; background-color: transparent; font-variant-numeric: normal; font-variant-east-asian: normal; text-decoration-line: underline; text-decoration-skip-ink: none; vertical-align: baseline; white-space: pre-wrap;\">antonina.petryka@bsr.edu.pl<\/span><\/a><\/p><p dir=\"ltr\" style=\"font-size: 15px; font-style: normal; font-weight: 400; margin-top: 0pt; margin-bottom: 0pt; line-height: 1.38; padding-left: 40px;\"><span style=\"font-size: 11pt; font-family: Montserrat, sans-serif; color: #000000; background-color: transparent; font-variant-numeric: normal; font-variant-east-asian: normal; vertical-align: baseline; white-space: pre-wrap;\">Mateusz &#8211; <\/span><a style=\"text-decoration-line: none;\" href=\"mailto:mateusz.malicki@bsr.edu.pl\"><span style=\"font-size: 11pt; font-family: Montserrat, sans-serif; color: #1155cc; background-color: transparent; font-variant-numeric: normal; font-variant-east-asian: normal; text-decoration-line: underline; text-decoration-skip-ink: none; vertical-align: baseline; white-space: pre-wrap;\">mateusz.malicki@bsr.edu.pl<\/span><\/a><\/p><p dir=\"ltr\" style=\"font-size: 15px; font-style: normal; font-weight: 400; margin-top: 0pt; margin-bottom: 0pt; line-height: 1.38; padding-left: 40px;\"><span style=\"font-size: 11pt; font-family: Montserrat, sans-serif; color: #000000; background-color: transparent; font-variant-numeric: normal; font-variant-east-asian: normal; vertical-align: baseline; white-space: pre-wrap;\">Piotrek &#8211; <\/span><a style=\"text-decoration-line: none;\" href=\"mailto:piotr.borys@bsr.edu.pl\"><span style=\"font-size: 11pt; font-family: Montserrat, sans-serif; color: #1155cc; background-color: transparent; font-variant-numeric: normal; font-variant-east-asian: normal; text-decoration-line: underline; text-decoration-skip-ink: none; vertical-align: baseline; white-space: pre-wrap;\">piotr.borys@bsr.edu.pl<\/span><\/a><\/p><p dir=\"ltr\" style=\"font-size: 15px; font-style: normal; font-weight: 400; margin-top: 0pt; margin-bottom: 0pt; line-height: 1.38; padding-left: 40px;\"><span style=\"font-size: 11pt; font-family: Montserrat, sans-serif; color: #000000; background-color: transparent; font-variant-numeric: normal; font-variant-east-asian: normal; vertical-align: baseline; white-space: pre-wrap;\">Janek &#8211; <\/span><a style=\"text-decoration-line: none;\" href=\"mailto:jan.baran@bsr.edu.pl\"><span style=\"font-size: 11pt; font-family: Montserrat, sans-serif; color: #1155cc; background-color: transparent; font-variant-numeric: normal; font-variant-east-asian: normal; text-decoration-line: underline; text-decoration-skip-ink: none; vertical-align: baseline; white-space: pre-wrap;\">jan.baran@bsr.edu.pl<\/span><\/a><\/p><p dir=\"ltr\" style=\"font-size: 15px; font-style: normal; font-weight: 400; margin-top: 0pt; margin-bottom: 0pt; line-height: 1.38; padding-left: 40px;\">\u00a0<\/p><p dir=\"ltr\" style=\"font-size: 15px; font-style: normal; font-weight: 400; margin-top: 0pt; margin-bottom: 0pt; line-height: 1.38; padding-left: 40px;\">\u00a0<\/p><p dir=\"ltr\" style=\"font-size: 15px; font-style: normal; font-weight: 400; margin-top: 0pt; margin-bottom: 0pt; line-height: 1.38; padding-left: 40px;\"><span style=\"font-size: 11pt; font-family: Montserrat, sans-serif; color: #000000; background-color: transparent; font-variant-numeric: normal; font-variant-east-asian: normal; vertical-align: baseline; white-space: pre-wrap;\">Nasza szko\u0142a:<\/span><\/p><p dir=\"ltr\" style=\"font-size: 15px; font-style: normal; font-weight: 400; margin-top: 0pt; margin-bottom: 0pt; line-height: 1.38; padding-left: 40px;\"><span style=\"font-size: 11pt; font-family: Montserrat, sans-serif; color: #000000; background-color: transparent; font-variant-numeric: normal; font-variant-east-asian: normal; vertical-align: baseline; white-space: pre-wrap;\">Bednarska Szko\u0142a Realna<\/span><\/p><p dir=\"ltr\" style=\"font-size: 15px; font-style: normal; font-weight: 400; margin-top: 0pt; margin-bottom: 0pt; line-height: 1.38; padding-left: 40px;\"><span style=\"font-size: 11pt; font-family: Montserrat, sans-serif; color: #000000; background-color: transparent; font-variant-numeric: normal; font-variant-east-asian: normal; vertical-align: baseline; white-space: pre-wrap;\">Adres:\u00a0<\/span><\/p><p dir=\"ltr\" style=\"font-size: 15px; font-style: normal; font-weight: 400; margin-top: 0pt; margin-bottom: 0pt; line-height: 1.38; padding-left: 40px;\"><span style=\"font-size: 11pt; font-family: Montserrat, sans-serif; color: #000000; background-color: transparent; font-variant-numeric: normal; font-variant-east-asian: normal; vertical-align: baseline; white-space: pre-wrap;\">ul. Kawalerii 5, Warszawa (\u015ar\u00f3dmie\u015bcie), 00-468<\/span><\/p><p dir=\"ltr\" style=\"font-size: 15px; font-style: normal; font-weight: 400; margin-top: 0pt; margin-bottom: 0pt; line-height: 1.38; padding-left: 40px;\"><span style=\"font-size: 11pt; font-family: Montserrat, sans-serif; color: #000000; background-color: transparent; font-variant-numeric: normal; font-variant-east-asian: normal; vertical-align: baseline; white-space: pre-wrap;\">\u00a0<\/span><\/p><p dir=\"ltr\" style=\"font-size: 15px; font-style: normal; font-weight: 400; margin-top: 0pt; margin-bottom: 0pt; line-height: 1.38; padding-left: 40px;\"><span style=\"font-size: 11pt; font-family: Montserrat, sans-serif; color: #000000; background-color: transparent; font-variant-numeric: normal; font-variant-east-asian: normal; vertical-align: baseline; white-space: pre-wrap;\">Kontakt:<\/span><\/p><p dir=\"ltr\" style=\"font-size: 15px; font-style: normal; font-weight: 400; margin-top: 0pt; margin-bottom: 0pt; line-height: 1.38; padding-left: 40px;\"><span style=\"font-size: 11pt; font-family: Montserrat, sans-serif; color: #000000; background-color: transparent; font-variant-numeric: normal; font-variant-east-asian: normal; vertical-align: baseline; white-space: pre-wrap;\">e-mail: <\/span><a style=\"text-decoration-line: none;\" href=\"mailto:sekretariat@bsr.edu.pl\"><span style=\"font-size: 11pt; font-family: Montserrat, sans-serif; color: #1155cc; background-color: transparent; font-variant-numeric: normal; font-variant-east-asian: normal; text-decoration-line: underline; text-decoration-skip-ink: none; vertical-align: baseline; white-space: pre-wrap;\">sekretariat@bsr.edu.pl<\/span><\/a><br \/><span style=\"font-size: 11pt; font-family: Montserrat, sans-serif; color: #000000; background-color: transparent; font-variant-numeric: normal; font-variant-east-asian: normal; vertical-align: baseline; white-space: pre-wrap;\">telefon kontaktowy: 22 418 36 29<\/span><\/p>\t\t\t\t\t\t<\/div>\n\t\t\t\t<\/div>\n\t\t\t\t\t<\/div>\n\t\t<\/div>\n\t\t\t\t<div class=\"elementor-column elementor-col-50 elementor-inner-column elementor-element elementor-element-42c65c3\" data-id=\"42c65c3\" data-element_type=\"column\">\n\t\t\t<div class=\"elementor-widget-wrap elementor-element-populated\">\n\t\t\t\t\t\t\t\t<div class=\"elementor-element elementor-element-c4b8dcd elementor-widget elementor-widget-text-editor\" data-id=\"c4b8dcd\" data-element_type=\"widget\" data-widget_type=\"text-editor.default\">\n\t\t\t\t<div class=\"elementor-widget-container\">\n\t\t\t\t\t\t\t<div>\u00a0<\/div>\t\t\t\t\t\t<\/div>\n\t\t\t\t<\/div>\n\t\t\t\t\t<\/div>\n\t\t<\/div>\n\t\t\t\t\t\t\t<\/div>\n\t\t<\/section>\n\t\t\t\t\t<\/div>\n\t\t<\/div>\n\t\t\t\t\t\t\t<\/div>\n\t\t<\/section>\n\t\t\t\t<section class=\"elementor-section elementor-top-section elementor-element elementor-element-71d1c2f elementor-section-boxed elementor-section-height-default elementor-section-height-default\" data-id=\"71d1c2f\" data-element_type=\"section\" data-settings=\"{&quot;background_background&quot;:&quot;classic&quot;,&quot;shape_divider_top&quot;:&quot;mountains&quot;,&quot;shape_divider_bottom&quot;:&quot;mountains&quot;}\">\n\t\t\t\t\t<div class=\"elementor-shape elementor-shape-top\" data-negative=\"false\">\n\t\t\t<svg xmlns=\"http:\/\/www.w3.org\/2000\/svg\" viewBox=\"0 0 1000 100\" preserveAspectRatio=\"none\">\n\t<path class=\"elementor-shape-fill\" opacity=\"0.33\" d=\"M473,67.3c-203.9,88.3-263.1-34-320.3,0C66,119.1,0,59.7,0,59.7V0h1000v59.7 c0,0-62.1,26.1-94.9,29.3c-32.8,3.3-62.8-12.3-75.8-22.1C806,49.6,745.3,8.7,694.9,4.7S492.4,59,473,67.3z\"\/>\n\t<path class=\"elementor-shape-fill\" opacity=\"0.66\" d=\"M734,67.3c-45.5,0-77.2-23.2-129.1-39.1c-28.6-8.7-150.3-10.1-254,39.1 s-91.7-34.4-149.2,0C115.7,118.3,0,39.8,0,39.8V0h1000v36.5c0,0-28.2-18.5-92.1-18.5C810.2,18.1,775.7,67.3,734,67.3z\"\/>\n\t<path class=\"elementor-shape-fill\" d=\"M766.1,28.9c-200-57.5-266,65.5-395.1,19.5C242,1.8,242,5.4,184.8,20.6C128,35.8,132.3,44.9,89.9,52.5C28.6,63.7,0,0,0,0 h1000c0,0-9.9,40.9-83.6,48.1S829.6,47,766.1,28.9z\"\/>\n<\/svg>\t\t<\/div>\n\t\t\t\t<div class=\"elementor-shape elementor-shape-bottom\" data-negative=\"false\">\n\t\t\t<svg xmlns=\"http:\/\/www.w3.org\/2000\/svg\" viewBox=\"0 0 1000 100\" preserveAspectRatio=\"none\">\n\t<path class=\"elementor-shape-fill\" opacity=\"0.33\" d=\"M473,67.3c-203.9,88.3-263.1-34-320.3,0C66,119.1,0,59.7,0,59.7V0h1000v59.7 c0,0-62.1,26.1-94.9,29.3c-32.8,3.3-62.8-12.3-75.8-22.1C806,49.6,745.3,8.7,694.9,4.7S492.4,59,473,67.3z\"\/>\n\t<path class=\"elementor-shape-fill\" opacity=\"0.66\" d=\"M734,67.3c-45.5,0-77.2-23.2-129.1-39.1c-28.6-8.7-150.3-10.1-254,39.1 s-91.7-34.4-149.2,0C115.7,118.3,0,39.8,0,39.8V0h1000v36.5c0,0-28.2-18.5-92.1-18.5C810.2,18.1,775.7,67.3,734,67.3z\"\/>\n\t<path class=\"elementor-shape-fill\" d=\"M766.1,28.9c-200-57.5-266,65.5-395.1,19.5C242,1.8,242,5.4,184.8,20.6C128,35.8,132.3,44.9,89.9,52.5C28.6,63.7,0,0,0,0 h1000c0,0-9.9,40.9-83.6,48.1S829.6,47,766.1,28.9z\"\/>\n<\/svg>\t\t<\/div>\n\t\t\t\t\t<div class=\"elementor-container elementor-column-gap-default\">\n\t\t\t\t\t<div class=\"elementor-column elementor-col-100 elementor-top-column elementor-element elementor-element-a6b3cd9\" data-id=\"a6b3cd9\" data-element_type=\"column\">\n\t\t\t<div class=\"elementor-widget-wrap elementor-element-populated\">\n\t\t\t\t\t\t\t\t<div class=\"elementor-element elementor-element-7ad34bf elementor-widget elementor-widget-text-editor\" data-id=\"7ad34bf\" data-element_type=\"widget\" data-widget_type=\"text-editor.default\">\n\t\t\t\t<div class=\"elementor-widget-container\">\n\t\t\t\t\t\t\t<p style=\"padding-left: 40px;\"><strong><span style=\"font-size: 16pt; font-family: Montserrat, sans-serif; font-variant-ligatures: normal; font-variant-east-asian: normal; vertical-align: baseline; white-space: pre-wrap; color: #000000;\">Zg\u0142o\u015b sw\u00f3j pomys\u0142!<\/span><\/strong><\/p>\n<p style=\"padding-left: 40px;\"><span style=\"font-family: Montserrat, sans-serif; font-size: 11pt; white-space: pre-wrap; caret-color: #000000; color: #000000; -webkit-text-size-adjust: auto;\">Cze\u015b\u0107! Je\u015bli masz pomys\u0142 na zbieranie funduszy\/finansowanie danej akcji szkolnej i chcia\u0142by\u015b si\u0119 z nami podzieli\u0107 swoj\u0105 wiedz\u0105, to znalaz\u0142e\u015b si\u0119 na dobrej zak\u0142adce! Je\u015bli zorganizowa\u0142e\u015b\/a\u015b akcj\u0119 w swojej szkole sposobem, kt\u00f3ry nie jest zamieszczony na naszej stronie ch\u0119tnie dowiemy si\u0119 od ciebie jak j\u0105 przeprowadzi\u0142e\u015b.<\/span><\/p>\n<p style=\"padding-left: 40px;\"><span style=\"color: #000000; font-style: inherit; font-weight: inherit; caret-color: #000000; text-size-adjust: auto; font-size: 11pt; font-family: Montserrat, sans-serif; font-variant-east-asian: normal; vertical-align: baseline; white-space: pre-wrap;\">Aby tw\u00f3j pomys\u0142 zosta\u0142 tu zamieszczony, poprosimy ci\u0119 o wype\u0142nienia formularza i odes\u0142anie go mailem na adres <\/span><a style=\"color: #000000; font-style: inherit; font-weight: inherit; font-family: var( --e-global-typography-text-font-family ), Sans-serif;  rgba(61, 170, 186, 0.58); caret-color: #000000; text-size-adjust: auto; text-decoration-line: none;\"><span style=\"font-size: 11pt; font-family: Montserrat, sans-serif; font-variant-east-asian: normal; text-decoration-line: underline; vertical-align: baseline; white-space: pre-wrap;\">nawigator.projekt@gmail.com<\/span><\/a><span style=\"color: #000000; font-style: inherit; font-weight: inherit; caret-color: #000000; text-size-adjust: auto; font-size: 11pt; font-family: Montserrat, sans-serif; font-variant-east-asian: normal; vertical-align: baseline; white-space: pre-wrap;\">. Dzi\u0119ki temu b\u0119dziemy mogli zweryfikowa\u0107 tw\u00f3j pomys\u0142 i utrzyma\u0107 z tob\u0105 kontakt w razie zawi\u0142o\u015bci w formularzu. Jeste\u015bmy otwarci na odpowiadanie na wszelkie pytania!<\/span><\/p>\t\t\t\t\t\t<\/div>\n\t\t\t\t<\/div>\n\t\t\t\t<div class=\"elementor-element elementor-element-02021ad elementor-align-center elementor-widget elementor-widget-button\" data-id=\"02021ad\" data-element_type=\"widget\" data-widget_type=\"button.default\">\n\t\t\t\t<div class=\"elementor-widget-container\">\n\t\t\t\t\t<div class=\"elementor-button-wrapper\">\n\t\t\t<a href=\"https:\/\/docs.google.com\/document\/d\/1MoLfphxxKGxVjgLOqYMK_t6BL_GFsR1TW6bbRpcPIJQ\/edit?usp=sharing\" class=\"elementor-button-link elementor-button elementor-size-md\" role=\"button\">\n\t\t\t\t\t\t<span class=\"elementor-button-content-wrapper\">\n\t\t\t\t\t\t<span class=\"elementor-button-text\">Formularz<\/span>\n\t\t<\/span>\n\t\t\t\t\t<\/a>\n\t\t<\/div>\n\t\t\t\t<\/div>\n\t\t\t\t<\/div>\n\t\t\t\t\t<\/div>\n\t\t<\/div>\n\t\t\t\t\t\t\t<\/div>\n\t\t<\/section>\n\t\t\t\t\t\t<\/div>\n\t\t\t\t\t<\/div>\n\t\t","protected":false},"excerpt":{"rendered":"<p>Inne informacje KONTAKT DO NAS \u00a0 e-mail: nawigator.projekt@gmail.comtelefon kontaktowy: +48 536 860 688 \u00a0 Maile do cz\u0142onk\u00f3w: Tonia &#8211; antonina.petryka@bsr.edu.pl Mateusz &#8211; mateusz.malicki@bsr.edu.pl Piotrek &#8211; piotr.borys@bsr.edu.pl Janek &#8211; jan.baran@bsr.edu.pl \u00a0 \u00a0 Nasza szko\u0142a: Bednarska Szko\u0142a Realna Adres:\u00a0 ul. Kawalerii 5, Warszawa (\u015ar\u00f3dmie\u015bcie), 00-468 \u00a0 Kontakt: e-mail: sekretariat@bsr.edu.pltelefon kontaktowy: 22 418 36 29 \u00a0 Zg\u0142o\u015b sw\u00f3j &hellip;<\/p>\n<p class=\"read-more\"> <a class=\"\" href=\"http:\/\/nawigator.bsr.edu.pl\/?page_id=115\"> <span class=\"screen-reader-text\">Kontakt<\/span> Read More &raquo;<\/a><\/p>\n","protected":false},"author":1,"featured_media":0,"parent":0,"menu_order":0,"comment_status":"closed","ping_status":"closed","template":"","meta":{"site-sidebar-layout":"no-sidebar","site-content-layout":"page-builder","ast-main-header-display":"","ast-hfb-above-header-display":"","ast-hfb-below-header-display":"","ast-hfb-mobile-header-display":"","site-post-title":"disabled","ast-breadcrumbs-content":"","ast-featured-img":"disabled","footer-sml-layout":"","theme-transparent-header-meta":"","adv-header-id-meta":"","stick-header-meta":"","header-above-stick-meta":"","header-main-stick-meta":"","header-below-stick-meta":"","footnotes":""},"class_list":["post-115","page","type-page","status-publish","hentry"],"_links":{"self":[{"href":"http:\/\/nawigator.bsr.edu.pl\/index.php?rest_route=\/wp\/v2\/pages\/115","targetHints":{"allow":["GET"]}}],"collection":[{"href":"http:\/\/nawigator.bsr.edu.pl\/index.php?rest_route=\/wp\/v2\/pages"}],"about":[{"href":"http:\/\/nawigator.bsr.edu.pl\/index.php?rest_route=\/wp\/v2\/types\/page"}],"author":[{"embeddable":true,"href":"http:\/\/nawigator.bsr.edu.pl\/index.php?rest_route=\/wp\/v2\/users\/1"}],"replies":[{"embeddable":true,"href":"http:\/\/nawigator.bsr.edu.pl\/index.php?rest_route=%2Fwp%2Fv2%2Fcomments&post=115"}],"version-history":[{"count":45,"href":"http:\/\/nawigator.bsr.edu.pl\/index.php?rest_route=\/wp\/v2\/pages\/115\/revisions"}],"predecessor-version":[{"id":476,"href":"http:\/\/nawigator.bsr.edu.pl\/index.php?rest_route=\/wp\/v2\/pages\/115\/revisions\/476"}],"wp:attachment":[{"href":"http:\/\/nawigator.bsr.edu.pl\/index.php?rest_route=%2Fwp%2Fv2%2Fmedia&parent=115"}],"curies":[{"name":"wp","href":"https:\/\/api.w.org\/{rel}","templated":true}]}}