{"id":119,"date":"2022-03-18T12:55:38","date_gmt":"2022-03-18T12:55:38","guid":{"rendered":"http:\/\/nawigator.bsr.edu.pl\/?page_id=119"},"modified":"2022-03-24T08:33:17","modified_gmt":"2022-03-24T08:33:17","slug":"forum","status":"publish","type":"page","link":"http:\/\/nawigator.bsr.edu.pl\/?page_id=119","title":{"rendered":"Forum"},"content":{"rendered":"\n<p>M\u00f3j stary to fanatyk w\u0119dkarstwa. P\u00f3\u0142 mieszkania zajebane w\u0119dkami, najgorzej. \u015arednio raz w miesi\u0105cu kto\u015b wdepnie w le\u017c\u0105cy na ziemi haczyk czy kotwic\u0119 i trzeba wyci\u0105ga\u0107 w szpitalu, bo maj\u0105 zadziory na ko\u0144cu. W swoim dwudziestodwuletnim \u017cyciu ju\u017c z 10 razy by\u0142em na takim zabiegu. Tydzie\u0144 temu poszed\u0142em na jakie\u015b losowe badania, to baba z recepcji jak mnie tylko zobaczy\u0142a, to kaza\u0142a buta \u015bci\u0105ga\u0107 xD, bo my\u015bla\u0142a, \u017ce znowu hak w nodze.<\/p>\n\n\n\n<p>Druga po\u0142owa mieszkania zajebana \u201eW\u0119dkarzem Polskim\u201d, \u201e\u015awiatem W\u0119dkarza\u201d, \u201eSuper Karpiem\u201d xD itp. Co tydzie\u0144 ojciec robi objazd po wszystkich kioskach w mie\u015bcie, \u017ceby skompletowa\u0107 wszystkie w\u0119dkarskie tygodniki. By\u0142em na tyle g\u0142upi, \u017ce nauczy\u0142em go into internety, bo my\u015bla\u0142em, \u017ce troch\u0119 pieni\u0119dzy zaoszcz\u0119dzimy na tych gazetkach, ale teraz nie dosy\u0107, \u017ce je kupuje, to jeszcze siedzi na jakich\u015b forach dla w\u0119dkarzy i kr\u0119ci g\u00f3wnoburze z innymi w\u0119dkarzami o najlepsze zan\u0119ty itp. Potrafi drze\u0107 mord\u0119 do monitora albo wypierdoli\u0107 klawiatur\u0119 za okno. Kiedy\u015b ojciec mnie wkurwi\u0142, to za\u0142o\u017cy\u0142em tam konto i go trollowa\u0142em, pisz\u0105c w jego tematach jakie\u015b losowe g\u0142upoty, typu \u201ekarasie jedzo guwno\u201d. Matka nie nad\u0105\u017ca\u0142a z gotowaniem bigosu na uspokojenie. Aha, ma ju\u017c na forum rang\u0119 SUM, za najebanie 10 tysi\u0119cy post\u00f3w.<\/p>\n\n\n\n<p>Jak jest ciep\u0142o, to co weekend zapierdala na ryby. Od jakich\u015b pi\u0119ciu lat w ka\u017cd\u0105 niedziel\u0119 jem ryb\u0119 na obiad, a ojciec pierdoli o zaletach jedzenia tego wodnego g\u00f3wna. Jak si\u0119 dosta\u0142em na studia, to stary przez tydzie\u0144 pierdoli\u0142, \u017ce to dzi\u0119ki temu, \u017ce jem du\u017co ryb, bo zawieraj\u0105 fosfor i m\u00f3zg mi lepiej pracuje.<\/p>\n\n\n\n<p>Co sobot\u0119 budzi ze swoim znajomym Mirkiem ca\u0142\u0105 rodzin\u0119 o czwartej w nocy, bo ha\u0142asuj\u0105, pakuj\u0105c w\u0119dki, robi\u0105c kanapki itd.<\/p>\n\n\n\n<p>Przy jedzeniu zawsze pierdoli o rybach i za ka\u017cdym razem temat schodzi w ko\u0144cu na Polski Zwi\u0105zek W\u0119dkarski, ojciec sam si\u0119 nakr\u0119ca i dostaje strasznego b\u00f3lu dupy durr, niedostatecznie zarybiajo, tylko kradno hurr, robi si\u0119 przy tym ca\u0142y czerwony i odchodzi od sto\u0142u, kln\u0105c, i idzie czyta\u0107 Wielk\u0105 Encyklopedi\u0119 Ryb Rzecznych, \u017ceby si\u0119 uspokoi\u0107.<\/p>\n\n\n\n<p>W tym roku sam sobie kupi\u0142 na \u015bwi\u0119ta ponton. Oczywi\u015bcie do wigilii nie wytrzyma\u0142, tylko ju\u017c wczoraj go rozpakowa\u0142 i nadmucha\u0142 w du\u017cym pokoju. Ubra\u0142 si\u0119 w ten sw\u00f3j ca\u0142y str\u00f3j w\u0119dkarski i siedzia\u0142 ca\u0142y dzie\u0144 w tym pontonie na \u015brodku mieszkania. Obiad (karp) te\u017c w nim zjad\u0142 [cool][cze\u015b\u0107].<\/p>\n\n\n\n<p>Gdyby mnie na d\u0142ugo\u015b\u0107 r\u0119ki dopu\u015bcili do wszystkich ryb w Polsce, tobym wzi\u0105\u0142 i zapierdoli\u0142.<\/p>\n\n\n\n<p>Jak kt\u00f3rego\u015b razu, jeszcze w podbazie czy gimbazie, mia\u0142em urodziny, to stary jako prezent wzi\u0105\u0142 mnie ze sob\u0105 na ryby w drodze wyj\u0105tku. Super prezent kurwo.<\/p>\n\n\n\n<p>Pojechali\u015bmy gdzie\u015b w pizdu za miasto, dochodzimy nad jezioro, a ojcu ju\u017c si\u0119 oczy \u015bwiec\u0105 i oblizuje wargi, podniecony. Roz\u0142o\u017cy\u0142 ca\u0142y sprz\u0119t i siedzimy nad wod\u0105, i patrzymy na sp\u0142awiki. Po pi\u0119ciu minutach mi si\u0119 znudzi\u0142o, wi\u0119c w\u0142\u0105czy\u0142em discmana, to mnie ojciec pierdoln\u0105\u0142 w\u0119dk\u0105 po g\u0142owie, \u017ce ryby s\u0142ysz\u0105 muzyk\u0119 z moich s\u0142uchawek i si\u0119 p\u0142osz\u0105. Jak si\u0119 chcia\u0142em podrapa\u0107 po dupie, to zaraz krzycza\u0142 szeptem, \u017cebym si\u0119 nie wierci\u0142, bo szeleszcz\u0119 i ryby z wody widz\u0105, jak si\u0119 ruszam, i uciekaj\u0105. Sze\u015b\u0107 godzin musia\u0142em siedzie\u0107 w bezruchu i patrze\u0107 na wod\u0119 jak w jakim\u015b jebanym Guantanamo. Urodziny mam w listopadzie, wi\u0119c jeszcze do tego by\u0142o zimno jak sam skurwysyn. W pewnym momencie ojciec odszed\u0142 kilkana\u015bcie metr\u00f3w w las i si\u0119 spierdzia\u0142. Wyt\u0142umaczy\u0142 mi, \u017ce trzeba w lesie pierdzie\u0107, bo inaczej ryby s\u0142ysz\u0105 i czuj\u0105.<\/p>\n\n\n\n<p>Wspomnia\u0142em, \u017ce ojciec ma koleg\u0119 Mirka, z kt\u00f3rym je\u017adzi na ryby. Kiedy\u015b towarzyszem wypraw rybnych by\u0142 hehe Zbyszek. Cz\u0142owiek o kszta\u0142cie pi\u0142ki z w\u0105sem i 365 dni w roku w kamizelce BOMBER. Byli z moim ojcem prawie jak bracia, przychodzi\u0142 z \u017con\u0105 Bo\u017cen\u0105 na Wigilie do nas itd. Raz ojciec mia\u0142 imieniny, Zbysio przyszed\u0142 na hehe kielicha. Najebali si\u0119 i oczywi\u015bcie ca\u0142y czas gadali o w\u0119dkowaniu i rybach. Ja siedzia\u0142em u siebie w pokoju. W pewnym momencie zacz\u0119li drze\u0107 na siebie mord\u0119, czy generalnie lepsze s\u0105 szczupaki, czy sumy.<\/p>\n\n\n\n<p>WE\u0179 MNIE NIE WKURWIAJ ZBYCHU, WIDZIA\u0141E\u015a TY KIEDY\u015a, JAKIE SZCZUPAK MA Z\u0118BY? CHAPS I R\u0118KA UJEBANA!<\/p>\n\n\n\n<p>KURWA TADEK SUMY W POLSCE PO 80 KILO WA\u017b\u0104, TW\u00d3J SZCZUPAK TO IM MO\u017bE NASKOCZY\u0106.<\/p>\n\n\n\n<p>CO TY MI O SUMACH PIERDOLISZ, JAK LEDWO UKLEJ\u0118 POTRAFISZ Z WODY WYCI\u0104GN\u0104\u0106. SZCZUPAK TO JEST KR\u00d3L WODY JAK LEW JEST KR\u00d3L D\u017bUNGLI.<\/p>\n\n\n\n<p>No i a\u017c si\u0119 zacz\u0119li nakurwia\u0107, zapasy na dywanie w du\u017cym pokoju, a ja z matk\u0105 musieli\u015bmy ich rozdziela\u0107. Od tego czasu zupe\u0142nie zerwali kontakt. W zesz\u0142ym roku zadzwoni\u0142a \u017cona Zbysia, \u017ce Zbysio spad\u0142 z rowerka, i zaprasza na pogrzeb. Odebra\u0142a akurat matka, z\u0142o\u017cy\u0142a kondolencje, odk\u0142ada s\u0142uchawk\u0119 i m\u00f3wi o tym ojcu, a ojciec<\/p>\n\n\n\n<p>I BARDZO KURWA DOBRZE.<\/p>\n\n\n\n<p>Tak go za tego suma znienawidzi\u0142.<\/p>\n\n\n\n<p>Wspomina\u0142em te\u017c o arcywrogu mojego starego, czyli Polskim Zwi\u0105zku W\u0119dkarskim. Sta\u0142 si\u0119 on kompletn\u0105 obsesj\u0105 ojca i jak na przyk\u0142ad w telewizji m\u00f3wi\u0105, \u017ce gdzie\u015b by\u0142o trz\u0119sienie ziemi, to stary zawsze mamrocze pod nosem, \u017ce powinni w ko\u0144cu co\u015b o tych skurwysynach z PZW powiedzie\u0107. Gazety niew\u0119dkarskie te\u017c przesta\u0142 czyta\u0107, bo mia\u0142 b\u00f3l dupy, \u017ce o w\u0119dkarstwie polskim ani aferach w PZW nic si\u0119 nie pisze.<\/p>\n\n\n\n<p>Szefem ko\u0142a PZW w mojej okolicy jest niejaki pan Adam. Jest on dla starego uosobieniem ca\u0142ego z\u0142a wyrz\u0105dzonego polskim akwenom przez zwi\u0105zek i ojciec przez wiele lat toczy\u0142 z nim wojn\u0119. Raz poszed\u0142 na jakie\u015b zebranie w\u0119dkarskie, na kt\u00f3rym wyst\u0119powa\u0142 Adam, i stary wr\u00f3ci\u0142 do domu z podart\u0105 koszul\u0105, bo si\u0142\u0105 go usuwali z sali, takie tam inby odpierdala\u0142.<\/p>\n\n\n\n<p>Po kl\u0119sce w starciu fizycznym ze zbrojnym ramieniem PZW ojciec rozpocz\u0105\u0142 partyzantk\u0119 internetow\u0105, polegaj\u0105c\u0105 na szkalowaniu PZW i Adama na forach lokalnych gazet. Napierdala\u0142 na niego jakie\u015b g\u0142upoty, typu \u017ce Adam by\u0142 tajnym wsp\u00f3\u0142pracownikiem UB albo \u017ce go widzia\u0142 na ulicy, jak komu\u015b gwo\u017adziem samoch\u00f3d rysowa\u0142 itd. Nie nauczy\u0142em ojca into TOR, wi\u0119c sko\u0144czy\u0142o si\u0119 bagietami za szkalowanie i stary musia\u0142 zap\u0142aci\u0107 Adamowi dwa tysi\u0105ce z\u0142otych..<\/p>\n\n\n\n<p>Jak p\u0142aci\u0142, to przez tydzie\u0144 w domu si\u0119 nie da\u0142o \u017cy\u0107, ojciec kurwi\u0142 na przekupne s\u0105dy, PZW, Adama i w og\u00f3le ca\u0142y \u015bwiat. Z jego pierdolenia wynika\u0142o, \u017ce PZW jak jacy\u015b masoni rz\u0105dzi ca\u0142ym krajem, poci\u0105ga za sznurki i ma wsz\u0119dzie uk\u0142ady. Przelicza\u0142 te\u017c te dwa tysi\u0105ce na w\u0119dki, haczyki czy \u0142\u00f3dki i dostawa\u0142 strasznego b\u00f3lu dupy, ile on by m\u00f3g\u0142 na przyk\u0142ad zan\u0119ty waniliowej za te 2k kupi\u0107 (kilkaset kilo).<\/p>\n\n\n\n<p>Stary jako\u015b w zesz\u0142ym roku stwierdzi\u0142, \u017ce koniecznie musi mie\u0107 \u0142\u00f3dk\u0119 do po\u0142ow\u00f3w, bo niby wypo\u017cyczanie za drogo wychodzi i wszyscy go chc\u0105 oszuka\u0107.<\/p>\n\n\n\n<p>SYNEK, NA WODZIE TO SI\u0118 PRAWDZIWE OKAZY \u0141APIE! TAM JEST \u017bYWIO\u0141!<\/p>\n\n\n\n<p>Ale nie by\u0142o go sta\u0107 ani nie mia\u0142 jej gdzie trzyma\u0107, a hehe frajerem to on nie jest, \u017ceby komu\u015b p\u0142aci\u0107 za przechowywanie, wi\u0119c zgada\u0142 si\u0119 z jakimi\u015b w\u0119dkarzami z okolicy, \u017ce kupi\u0105 \u0142\u00f3dk\u0119 na sp\u00f3\u0142k\u0119, ona b\u0119dzie sta\u0142a u jakiego\u015b Janusza, kt\u00f3ry ma dom, a nie mieszkanie w bloku jak my, na podje\u017adzie, na przyczepie, kt\u00f3r\u0105 ten Janusz ma, i si\u0119 b\u0119d\u0105 t\u0105 \u0142\u00f3dk\u0105 dzielili albo b\u0119d\u0105 je\u017adzi\u0107 \u0142owi\u0107 razem.<\/p>\n\n\n\n<p>Na pocz\u0105tku ta kooperatywa sz\u0142a nawet nie\u017ale, ale w kt\u00f3ry\u015b weekend ojciec si\u0119 rozchorowa\u0142 i nie m\u00f3g\u0142 z nimi jecha\u0107, i mia\u0142 o to olbrzymi b\u00f3l dupy. Jeszcze ci jego koledzy dzwonili, \u017ce ryby bior\u0105 jak pojebane, wi\u0119c m\u00f3j ojciec tylko le\u017ca\u0142 czerwony ze z\u0142o\u015bci na kanapie i sapa\u0142 z wkurwienia. Sytuacj\u0119 jeszcze pogarsza\u0142o to, \u017ce nie mia\u0142 na kogo zwali\u0107 winy, co zawsze robi. W ko\u0144cu doszed\u0142 do wniosku, \u017ce to niesprawiedliwe, \u017ce oni \u0142owi\u0105 bez niego, bo przecie\u017c po r\u00f3wno si\u0119 zrzucali na \u0142\u00f3dk\u0119 i w niedziel\u0119 wieczorem, jak te Janusze ju\u017c wr\u00f3ci\u0142y z wyprawy, wyszed\u0142 nagle z domu.<\/p>\n\n\n\n<p>Po godzinie wraca i m\u00f3wi do mnie, \u017ce musz\u0119 mu pom\u00f3c z czym\u015b przed domem. Wychodz\u0119 na zewn\u0105trz, a tam nasz samoch\u00f3d z przyczep\u0105 i \u0142\u00f3dk\u0105 xD. Pytam, sk\u0105d on j\u0105 wzi\u0105\u0142, a on m\u00f3wi, \u017ce Januszowi zajeba\u0142 z podjazdu przed domem, bo oni go oszukali, i \u017cebym \u0142apa\u0142 z nim \u0142\u00f3dk\u0119, i wnosimy do mieszkania xD. Na nic si\u0119 zda\u0142o t\u0142umaczenie, \u017ce zajmie ca\u0142y du\u017cy pok\u00f3j. Na szcz\u0119\u015bcie \u0142\u00f3dka nie zmie\u015bci\u0142a si\u0119 w drzwiach do klatki, wi\u0119c stary stwierdzi\u0142, \u017ce on j\u0105 przed domem zostawi.<\/p>\n\n\n\n<p>Za pomoc\u0105 jakich\u015b \u0142a\u0144cuch\u00f3w, co by\u0142y na \u0142\u00f3dce, i mojej k\u0142\u00f3dki od roweru przypi\u0105\u0142 j\u0105 do latarni i zadowolony chce i\u015b\u0107 wraca\u0107 do mieszkania, a tu nagle przyje\u017cd\u017caj\u0105 dwa samochody z Januszami wsp\u00f3\u0142w\u0142a\u015bcicielami, kt\u00f3rzy si\u0119 domy\u015blili, gdzie ich w\u0142asno\u015b\u0107 mo\u017ce si\u0119 znajdowa\u0107 xD. Zacz\u0119\u0142a si\u0119 nieziemska inba, bo Janusze dr\u0105 mordy, dlaczego \u0142\u00f3dk\u0119 ukrad\u0142 i \u017ce ma oddawa\u0107, a ojciec si\u0119 drze, \u017ce oni go oszukali i on 500 z\u0142otych si\u0119 sk\u0142ada\u0142, a nie p\u0142ywa\u0142 w ten weekend. Ja stara\u0142em si\u0119 za\u0142agodzi\u0107 sytuacj\u0119, \u017ceby ojciec od nich nie dosta\u0142 wpierdolu, bo by\u0142o blisko.<\/p>\n\n\n\n<p>Po kilkunastu minutach sytuacja wygl\u0105da\u0142a tak:<br>\u2013 M\u00f3j ojciec le\u017cy na ziemi, kurczowo trzyma si\u0119 przyczepy i krzyczy, \u017ce nie odda.<br>\u2013 Janusze krzycz\u0105, \u017ce ma oddawa\u0107.<br>\u2013 Jeden Janusz ma rozjebany nos, bo pr\u00f3bowa\u0142 le\u017c\u0105cego ojca odci\u0105gn\u0105\u0107 od \u0142\u00f3dki za nog\u0119 i dosta\u0142 drug\u0105 nog\u0105 z kopa.<br>\u2013 Dw\u00f3ch policjant\u00f3w ci\u0105gnie ojca za nogi i m\u00f3wi, \u017ce jedzie z nimi na komisariat, bo pobi\u0142 cz\u0142owieka.<br>\u2013 We wszystkich oknach dooko\u0142a stoj\u0105 s\u0105siedzi.<br>\u2013 Moja stara p\u0142acze i b\u0142aga ojca, \u017ceby zostawi\u0142 \u0142\u00f3dk\u0119, a policjant\u00f3w, \u017ceby go nie aresztowali.<br>\u2013 Ja: smutnazaba.psd.<\/p>\n\n\n\n<p>W ko\u0144cu policjanci oderwali starego od \u0142odzi. Ja poda\u0142em Januszom kod do k\u0142\u00f3dki rowerowej i zabrali \u0142\u00f3dk\u0119, rzucaj\u0105c wcze\u015bniej staremu 500 z\u0142otych i m\u00f3wi\u0105c, \u017ce nie ma ju\u017c do \u0142\u00f3dki \u017cadnego prawa i lepiej dla niego, \u017ceby si\u0119 nigdy na rybach nie spotkali. Matka ub\u0142aga\u0142a policjant\u00f3w, \u017ceby nie aresztowali ojca. Janusz, co dosta\u0142 w mord\u0119 butem, powiedzia\u0142, \u017ce on si\u0119 nie b\u0119dzie pierdoli\u0142 z \u0142a\u017ceniem po komisariatach i ma to w dupie, tylko ojca nie chce wi\u0119cej widzie\u0107.<\/p>\n\n\n\n<p>Stary do tej pory robi z Januszami g\u00f3wnoburz\u0119 na forach dla w\u0119dkarzy, bo za\u0142o\u017cyli tam specjalny temat, gdzie przestrzegali przed robieniem jakichkolwiek interes\u00f3w z moim ojcem. Obserwowa\u0142em ten temat i widzia\u0142em, jak m\u00f3j ojciec nieudolnie porobi\u0142 trollkonta:<\/p>\n\n\n\n<p>Szczepan54<br>Liczba post\u00f3w: 1<br>Ten temat za\u0142o\u017cyli jacy\u015b idioci! Znam u\u017cytkownika stary_anona od dawna i to bardzo porz\u0105dny cz\u0142owiek i wspania\u0142y w\u0119dkarz! Chc\u0105 go oczerni\u0107 bo zazdroszcz\u0105 z\u0142owionych okaz\u00f3w!<\/p>\n\n\n\n<p>Potem jeszcze u\u017cywa\u0142 tych trollkont do prze\u015bladowania niedawnych koleg\u00f3w od \u0142\u00f3dki. Jak kt\u00f3ry\u015b z nich zak\u0142ada\u0142 jaki\u015b temat, to ojciec si\u0119 tam wpierdala\u0142 na trollkoncie i na przyk\u0142ad pisa\u0142, \u017ce chujowe ryby \u0142apie i wida\u0107, \u017ce nie umie \u0142owi\u0107 xD.<br>Z tych samych trollkont udziela\u0142 si\u0119 w swoich tematach i jak na przyk\u0142ad wrzuca\u0142 zdj\u0119cia z\u0142apanych przez siebie ryb, to sam sobie pisa\u0142 NOOOO GRATULUJ\u0118 OKAZU! WIDA\u0106, \u017bE DO\u015aWIADCZONY \u0141OWCA! a potem si\u0119 z tego cieszy\u0142 i kaza\u0142 ogl\u0105da\u0107 mi i starej, jak go chwal\u0105 na forum.<\/p>\n","protected":false},"excerpt":{"rendered":"<p>M\u00f3j stary to fanatyk w\u0119dkarstwa. P\u00f3\u0142 mieszkania zajebane w\u0119dkami, najgorzej. \u015arednio raz w miesi\u0105cu kto\u015b wdepnie w le\u017c\u0105cy na ziemi haczyk czy kotwic\u0119 i trzeba wyci\u0105ga\u0107 w szpitalu, bo maj\u0105 zadziory na ko\u0144cu. W swoim dwudziestodwuletnim \u017cyciu ju\u017c z 10 razy by\u0142em na takim zabiegu. Tydzie\u0144 temu poszed\u0142em na jakie\u015b losowe badania, to baba z &hellip;<\/p>\n<p class=\"read-more\"> <a class=\"\" href=\"http:\/\/nawigator.bsr.edu.pl\/?page_id=119\"> <span class=\"screen-reader-text\">Forum<\/span> Read More &raquo;<\/a><\/p>\n","protected":false},"author":1,"featured_media":0,"parent":0,"menu_order":0,"comment_status":"closed","ping_status":"closed","template":"","meta":{"site-sidebar-layout":"default","site-content-layout":"default","ast-main-header-display":"","ast-hfb-above-header-display":"","ast-hfb-below-header-display":"","ast-hfb-mobile-header-display":"","site-post-title":"","ast-breadcrumbs-content":"","ast-featured-img":"","footer-sml-layout":"","theme-transparent-header-meta":"","adv-header-id-meta":"","stick-header-meta":"","header-above-stick-meta":"","header-main-stick-meta":"","header-below-stick-meta":"","footnotes":""},"class_list":["post-119","page","type-page","status-publish","hentry"],"_links":{"self":[{"href":"http:\/\/nawigator.bsr.edu.pl\/index.php?rest_route=\/wp\/v2\/pages\/119","targetHints":{"allow":["GET"]}}],"collection":[{"href":"http:\/\/nawigator.bsr.edu.pl\/index.php?rest_route=\/wp\/v2\/pages"}],"about":[{"href":"http:\/\/nawigator.bsr.edu.pl\/index.php?rest_route=\/wp\/v2\/types\/page"}],"author":[{"embeddable":true,"href":"http:\/\/nawigator.bsr.edu.pl\/index.php?rest_route=\/wp\/v2\/users\/1"}],"replies":[{"embeddable":true,"href":"http:\/\/nawigator.bsr.edu.pl\/index.php?rest_route=%2Fwp%2Fv2%2Fcomments&post=119"}],"version-history":[{"count":3,"href":"http:\/\/nawigator.bsr.edu.pl\/index.php?rest_route=\/wp\/v2\/pages\/119\/revisions"}],"predecessor-version":[{"id":377,"href":"http:\/\/nawigator.bsr.edu.pl\/index.php?rest_route=\/wp\/v2\/pages\/119\/revisions\/377"}],"wp:attachment":[{"href":"http:\/\/nawigator.bsr.edu.pl\/index.php?rest_route=%2Fwp%2Fv2%2Fmedia&parent=119"}],"curies":[{"name":"wp","href":"https:\/\/api.w.org\/{rel}","templated":true}]}}