{"id":303,"date":"2022-03-23T09:41:47","date_gmt":"2022-03-23T09:41:47","guid":{"rendered":"http:\/\/nawigator.bsr.edu.pl\/?page_id=303"},"modified":"2022-03-24T10:43:17","modified_gmt":"2022-03-24T10:43:17","slug":"kiermaszowe-stoisko","status":"publish","type":"page","link":"http:\/\/nawigator.bsr.edu.pl\/?page_id=303","title":{"rendered":"Kiermaszowe Stoisko"},"content":{"rendered":"\t\t<div data-elementor-type=\"wp-page\" data-elementor-id=\"303\" class=\"elementor elementor-303\" data-elementor-settings=\"[]\">\n\t\t\t\t\t\t\t<div class=\"elementor-section-wrap\">\n\t\t\t\t\t\t\t<section class=\"elementor-section elementor-top-section elementor-element elementor-element-dbf6cf2 elementor-section-boxed elementor-section-height-default elementor-section-height-default\" data-id=\"dbf6cf2\" data-element_type=\"section\" data-settings=\"{&quot;background_background&quot;:&quot;classic&quot;,&quot;shape_divider_bottom&quot;:&quot;mountains&quot;}\">\n\t\t\t\t\t<div class=\"elementor-shape elementor-shape-bottom\" data-negative=\"false\">\n\t\t\t<svg xmlns=\"http:\/\/www.w3.org\/2000\/svg\" viewBox=\"0 0 1000 100\" preserveAspectRatio=\"none\">\n\t<path class=\"elementor-shape-fill\" opacity=\"0.33\" d=\"M473,67.3c-203.9,88.3-263.1-34-320.3,0C66,119.1,0,59.7,0,59.7V0h1000v59.7 c0,0-62.1,26.1-94.9,29.3c-32.8,3.3-62.8-12.3-75.8-22.1C806,49.6,745.3,8.7,694.9,4.7S492.4,59,473,67.3z\"\/>\n\t<path class=\"elementor-shape-fill\" opacity=\"0.66\" d=\"M734,67.3c-45.5,0-77.2-23.2-129.1-39.1c-28.6-8.7-150.3-10.1-254,39.1 s-91.7-34.4-149.2,0C115.7,118.3,0,39.8,0,39.8V0h1000v36.5c0,0-28.2-18.5-92.1-18.5C810.2,18.1,775.7,67.3,734,67.3z\"\/>\n\t<path class=\"elementor-shape-fill\" d=\"M766.1,28.9c-200-57.5-266,65.5-395.1,19.5C242,1.8,242,5.4,184.8,20.6C128,35.8,132.3,44.9,89.9,52.5C28.6,63.7,0,0,0,0 h1000c0,0-9.9,40.9-83.6,48.1S829.6,47,766.1,28.9z\"\/>\n<\/svg>\t\t<\/div>\n\t\t\t\t\t<div class=\"elementor-container elementor-column-gap-default\">\n\t\t\t\t\t<div class=\"elementor-column elementor-col-100 elementor-top-column elementor-element elementor-element-956cef8\" data-id=\"956cef8\" data-element_type=\"column\">\n\t\t\t<div class=\"elementor-widget-wrap elementor-element-populated\">\n\t\t\t\t\t\t\t\t<div class=\"elementor-element elementor-element-c738b02 elementor-widget elementor-widget-heading\" data-id=\"c738b02\" data-element_type=\"widget\" data-widget_type=\"heading.default\">\n\t\t\t\t<div class=\"elementor-widget-container\">\n\t\t\t<style>\/*! elementor - v3.5.6 - 28-02-2022 *\/\n.elementor-heading-title{padding:0;margin:0;line-height:1}.elementor-widget-heading .elementor-heading-title[class*=elementor-size-]>a{color:inherit;font-size:inherit;line-height:inherit}.elementor-widget-heading .elementor-heading-title.elementor-size-small{font-size:15px}.elementor-widget-heading .elementor-heading-title.elementor-size-medium{font-size:19px}.elementor-widget-heading .elementor-heading-title.elementor-size-large{font-size:29px}.elementor-widget-heading .elementor-heading-title.elementor-size-xl{font-size:39px}.elementor-widget-heading .elementor-heading-title.elementor-size-xxl{font-size:59px}<\/style><h2 class=\"elementor-heading-title elementor-size-default\">Kiermaszowe Stoisko<\/h2>\t\t<\/div>\n\t\t\t\t<\/div>\n\t\t\t\t\t<\/div>\n\t\t<\/div>\n\t\t\t\t\t\t\t<\/div>\n\t\t<\/section>\n\t\t\t\t<section class=\"elementor-section elementor-top-section elementor-element elementor-element-879119a elementor-section-boxed elementor-section-height-default elementor-section-height-default\" data-id=\"879119a\" data-element_type=\"section\">\n\t\t\t\t\t\t<div class=\"elementor-container elementor-column-gap-default\">\n\t\t\t\t\t<div class=\"elementor-column elementor-col-100 elementor-top-column elementor-element elementor-element-8a5d999\" data-id=\"8a5d999\" data-element_type=\"column\">\n\t\t\t<div class=\"elementor-widget-wrap elementor-element-populated\">\n\t\t\t\t\t\t\t\t<div class=\"elementor-element elementor-element-5555616 elementor-widget elementor-widget-text-editor\" data-id=\"5555616\" data-element_type=\"widget\" data-widget_type=\"text-editor.default\">\n\t\t\t\t<div class=\"elementor-widget-container\">\n\t\t\t<style>\/*! elementor - v3.5.6 - 28-02-2022 *\/\n.elementor-widget-text-editor.elementor-drop-cap-view-stacked .elementor-drop-cap{background-color:#818a91;color:#fff}.elementor-widget-text-editor.elementor-drop-cap-view-framed .elementor-drop-cap{color:#818a91;border:3px solid;background-color:transparent}.elementor-widget-text-editor:not(.elementor-drop-cap-view-default) .elementor-drop-cap{margin-top:8px}.elementor-widget-text-editor:not(.elementor-drop-cap-view-default) .elementor-drop-cap-letter{width:1em;height:1em}.elementor-widget-text-editor .elementor-drop-cap{float:left;text-align:center;line-height:1;font-size:50px}.elementor-widget-text-editor .elementor-drop-cap-letter{display:inline-block}<\/style>\t\t\t\t<p dir=\"ltr\" style=\"line-height: 1.38; margin-top: 0pt; margin-bottom: 0pt;\"><span style=\"font-size: 11pt; font-family: Montserrat,sans-serif; color: #000000; background-color: transparent; font-weight: 400; font-style: normal; font-variant: normal; text-decoration: none; vertical-align: baseline; white-space: pre-wrap;\">Jednym z najpopularniejszych sposob\u00f3w na zebranie pieni\u0119dzy na szkoln\u0105 akcj\u0119 jest stworzenie stoiska z jedzeniem. Stoisko dzia\u0142a w przerwach mi\u0119dzy lekcjami, uczniowie i nauczyciele mog\u0105 kupi\u0107 tam r\u00f3\u017cne przysmaki, a pieni\u0105dze p\u00f3jd\u0105 na wa\u017cny dla ciebie cel.<\/span><\/p><p dir=\"ltr\" style=\"line-height: 1.38; margin-top: 0pt; margin-bottom: 0pt;\"><span style=\"font-size: 11pt; font-family: Montserrat,sans-serif; color: #000000; background-color: transparent; font-weight: 400; font-style: normal; font-variant: normal; text-decoration: none; vertical-align: baseline; white-space: pre-wrap;\">Nale\u017cy kupi\u0107 sk\u0142adniki i zrobi\u0107 dany rodzaj np. ciasta. Wa\u017cne, \u017ceby rzecz, kt\u00f3r\u0105 upieczecie by\u0142a \u0142atwa do dzielenia &#8211; najlepiej sprawdzaj\u0105 si\u0119 ciastka czy muffinki i \u017ceby nie by\u0142a trudna w jedzeniu, najlepiej co\u015b, co da si\u0119 \u201cwzi\u0105\u0107 w r\u0119k\u0119\u201d. Przysmaki mo\u017cecie zrobi\u0107 w domu dzie\u0144 przed akcj\u0105 szkoln\u0105, ale opr\u00f3cz przygotowania rzeczy, kt\u00f3r\u0105 b\u0119dziecie sprzedawa\u0107, wa\u017cne jest przygotowanie si\u0119 do akcji, czyli\u00a0 wykonanie tych czynno\u015bci:<\/span><\/p><p><b id=\"docs-internal-guid-0f54c92b-7fff-c369-b0f0-3b1bef6e57c4\" style=\"font-weight: normal;\">\u00a0<\/b><\/p><ul style=\"margin-top: 0; margin-bottom: 0; padding-inline-start: 48px;\"><li dir=\"ltr\" style=\"list-style-type: disc; font-size: 11pt; font-family: Montserrat,sans-serif; color: #000000; background-color: transparent; font-weight: 400; font-style: normal; font-variant: normal; text-decoration: none; vertical-align: baseline; white-space: pre;\" aria-level=\"1\"><p dir=\"ltr\" style=\"line-height: 1.38; margin-top: 0pt; margin-bottom: 0pt;\" role=\"presentation\"><span style=\"font-size: 11pt; font-family: Montserrat,sans-serif; color: #000000; background-color: transparent; font-weight: 400; font-style: normal; font-variant: normal; text-decoration: none; vertical-align: baseline; white-space: pre-wrap;\">Zapytanie szko\u0142y, czy danego dnia, mo\u017cna takie stoisko zorganizowa\u0107.<\/span><\/p><\/li><li dir=\"ltr\" style=\"list-style-type: disc; font-size: 11pt; font-family: Montserrat,sans-serif; color: #000000; background-color: transparent; font-weight: 400; font-style: normal; font-variant: normal; text-decoration: none; vertical-align: baseline; white-space: pre;\" aria-level=\"1\"><p dir=\"ltr\" style=\"line-height: 1.38; margin-top: 0pt; margin-bottom: 0pt;\" role=\"presentation\"><span style=\"font-size: 11pt; font-family: Montserrat,sans-serif; color: #000000; background-color: transparent; font-weight: 400; font-style: normal; font-variant: normal; text-decoration: none; vertical-align: baseline; white-space: pre-wrap;\">Organizacja miejsca (wa\u017cne, \u017ceby by\u0142o dost\u0119pne i widoczne)<\/span><\/p><\/li><li dir=\"ltr\" style=\"list-style-type: disc; font-size: 11pt; font-family: Montserrat,sans-serif; color: #000000; background-color: transparent; font-weight: 400; font-style: normal; font-variant: normal; text-decoration: none; vertical-align: baseline; white-space: pre;\" aria-level=\"1\"><p dir=\"ltr\" style=\"line-height: 1.38; margin-top: 0pt; margin-bottom: 0pt;\" role=\"presentation\"><span style=\"font-size: 11pt; font-family: Montserrat,sans-serif; color: #000000; background-color: transparent; font-weight: 400; font-style: normal; font-variant: normal; text-decoration: none; vertical-align: baseline; white-space: pre-wrap;\">Przygotowanie stoiska, warto wzi\u0105\u0107 ze sob\u0105:<\/span><\/p><ul style=\"margin-top: 0; margin-bottom: 0; padding-inline-start: 48px;\"><li dir=\"ltr\" style=\"list-style-type: circle; font-size: 11pt; font-family: Montserrat,sans-serif; color: #000000; background-color: transparent; font-weight: 400; font-style: normal; font-variant: normal; text-decoration: none; vertical-align: baseline; white-space: pre;\" aria-level=\"2\"><p dir=\"ltr\" style=\"line-height: 1.38; margin-top: 0pt; margin-bottom: 0pt;\" role=\"presentation\"><span style=\"font-size: 11pt; font-family: Montserrat,sans-serif; color: #000000; background-color: transparent; font-weight: 400; font-style: normal; font-variant: normal; text-decoration: none; vertical-align: baseline; white-space: pre-wrap;\">Puszk\u0119 na pieni\u0105dze &#8211; bardzo potrzebna, pami\u0119tajcie, \u017ceby zabiera\u0107 j\u0105 ze sob\u0105 na lekcjach, aby pieni\u0105dze nie zagin\u0119\u0142y<\/span><\/p><\/li><li dir=\"ltr\" style=\"list-style-type: circle; font-size: 11pt; font-family: Montserrat,sans-serif; color: #000000; background-color: transparent; font-weight: 400; font-style: normal; font-variant: normal; text-decoration: none; vertical-align: baseline; white-space: pre;\" aria-level=\"2\"><p dir=\"ltr\" style=\"line-height: 1.38; margin-top: 0pt; margin-bottom: 0pt;\" role=\"presentation\"><span style=\"font-size: 11pt; font-family: Montserrat,sans-serif; color: #000000; background-color: transparent; font-weight: 400; font-style: normal; font-variant: normal; text-decoration: none; vertical-align: baseline; white-space: pre-wrap;\">Je\u015bli chcecie, mo\u017cecie przygotowa\u0107 tak\u017ce osob\u0119 kt\u00f3ra przyjmowa\u0142aby na konto przelewy blikiem na telefon &#8211; w taki spos\u00f3b nikt nie u\u017cyje wym\u00f3wki \u017ce nie zabra\u0142 got\u00f3wki<\/span><\/p><\/li><li dir=\"ltr\" style=\"list-style-type: circle; font-size: 11pt; font-family: Montserrat,sans-serif; color: #000000; background-color: transparent; font-weight: 400; font-style: normal; font-variant: normal; text-decoration: none; vertical-align: baseline; white-space: pre;\" aria-level=\"2\"><p dir=\"ltr\" style=\"line-height: 1.38; margin-top: 0pt; margin-bottom: 0pt;\" role=\"presentation\"><span style=\"font-size: 11pt; font-family: Montserrat,sans-serif; color: #000000; background-color: transparent; font-weight: 400; font-style: normal; font-variant: normal; text-decoration: none; vertical-align: baseline; white-space: pre-wrap;\">Zeszyt &#8211; b\u0119dziecie w nim zapisywa\u0107 ile danego ciasta sprzedali\u015bcie. Wa\u017cne jest, \u017ceby\u015bcie mogli wr\u00f3ci\u0107 do notatek, je\u015bli nie b\u0119dzie si\u0119 zgadza\u0142o co\u015b w kasie, lub je\u015bli kto\u015b we\u017amie ciastko i powie, \u017ce zap\u0142aci nast\u0119pnego dnia.<\/span><\/p><\/li><li dir=\"ltr\" style=\"list-style-type: circle; font-size: 11pt; font-family: Montserrat,sans-serif; color: #000000; background-color: transparent; font-weight: 400; font-style: normal; font-variant: normal; text-decoration: none; vertical-align: baseline; white-space: pre;\" aria-level=\"2\"><p dir=\"ltr\" style=\"line-height: 1.38; margin-top: 0pt; margin-bottom: 0pt;\" role=\"presentation\"><span style=\"font-size: 11pt; font-family: Montserrat,sans-serif; color: #000000; background-color: transparent; font-weight: 400; font-style: normal; font-variant: normal; text-decoration: none; vertical-align: baseline; white-space: pre-wrap;\">Obrus &#8211; aby stoisko \u0142adnie wygl\u0105da\u0142o, wystarczy, \u017ce we\u017amiecie jaki\u015b z domu na jeden dzie\u0144<\/span><\/p><\/li><li dir=\"ltr\" style=\"list-style-type: circle; font-size: 11pt; font-family: Montserrat,sans-serif; color: #000000; background-color: transparent; font-weight: 400; font-style: normal; font-variant: normal; text-decoration: none; vertical-align: baseline; white-space: pre;\" aria-level=\"2\"><p dir=\"ltr\" style=\"line-height: 1.38; margin-top: 0pt; margin-bottom: 0pt;\" role=\"presentation\"><span style=\"font-size: 11pt; font-family: Montserrat,sans-serif; color: #000000; background-color: transparent; font-weight: 400; font-style: normal; font-variant: normal; text-decoration: none; vertical-align: baseline; white-space: pre-wrap;\">N\u00f3\u017c &#8211; je\u015bli macie ciasto do krojenia, plus pomaga w nak\u0142adaniu<\/span><\/p><\/li><li dir=\"ltr\" style=\"list-style-type: circle; font-size: 11pt; font-family: Montserrat,sans-serif; color: #000000; background-color: transparent; font-weight: 400; font-style: normal; font-variant: normal; text-decoration: none; vertical-align: baseline; white-space: pre;\" aria-level=\"2\"><p dir=\"ltr\" style=\"line-height: 1.38; margin-top: 0pt; margin-bottom: 0pt;\" role=\"presentation\"><span style=\"font-size: 11pt; font-family: Montserrat,sans-serif; color: #000000; background-color: transparent; font-weight: 400; font-style: normal; font-variant: normal; text-decoration: none; vertical-align: baseline; white-space: pre-wrap;\">Serwetki\/papierowe talerzyki &#8211; co\u015b na co b\u0119dziecie nak\u0142ada\u0107 ciasta<\/span><\/p><\/li><li dir=\"ltr\" style=\"list-style-type: circle; font-size: 11pt; font-family: Montserrat,sans-serif; color: #000000; background-color: transparent; font-weight: 400; font-style: normal; font-variant: normal; text-decoration: none; vertical-align: baseline; white-space: pre;\" aria-level=\"2\"><p dir=\"ltr\" style=\"line-height: 1.38; margin-top: 0pt; margin-bottom: 0pt;\" role=\"presentation\"><span style=\"font-size: 11pt; font-family: Montserrat,sans-serif; color: #000000; background-color: transparent; font-weight: 400; font-style: normal; font-variant: normal; text-decoration: none; vertical-align: baseline; white-space: pre-wrap;\">R\u0119kawiczki jednorazowe &#8211; szczeg\u00f3lnie w czasach pandemii, nie podawajcie jedzenia go\u0142ymi r\u0119kami<\/span><\/p><\/li><li dir=\"ltr\" style=\"list-style-type: circle; font-size: 11pt; font-family: Montserrat,sans-serif; color: #000000; background-color: transparent; font-weight: 400; font-style: normal; font-variant: normal; text-decoration: none; vertical-align: baseline; white-space: pre;\" aria-level=\"2\"><p dir=\"ltr\" style=\"line-height: 1.38; margin-top: 0pt; margin-bottom: 0pt;\" role=\"presentation\"><span style=\"font-size: 11pt; font-family: Montserrat,sans-serif; color: #000000; background-color: transparent; font-weight: 400; font-style: normal; font-variant: normal; text-decoration: none; vertical-align: baseline; white-space: pre-wrap;\">Karteczki stoj\u0105ce &#8211; na kt\u00f3rych b\u0119dziecie zapisywa\u0107 ceny i alergeny waszych przysmak\u00f3w<\/span><\/p><\/li><\/ul><\/li><li dir=\"ltr\" style=\"list-style-type: disc; font-size: 11pt; font-family: Montserrat,sans-serif; color: #000000; background-color: transparent; font-weight: 400; font-style: normal; font-variant: normal; text-decoration: none; vertical-align: baseline; white-space: pre;\" aria-level=\"1\"><p dir=\"ltr\" style=\"line-height: 1.38; margin-top: 0pt; margin-bottom: 0pt;\" role=\"presentation\"><span style=\"font-size: 11pt; font-family: Montserrat,sans-serif; color: #000000; background-color: transparent; font-weight: 400; font-style: normal; font-variant: normal; text-decoration: none; vertical-align: baseline; white-space: pre-wrap;\">Reklama!!! Kilka dni przed samym dniem sprzeda\u017cy rozwie\u015bcie plakaty o tym, na jaki cel b\u0119dziecie zbiera\u0107 pieni\u0105dze, kiedy ta sprzeda\u017c b\u0119dzie si\u0119 odbywa\u0107 i przypomnijcie, aby ludzie przynosili drobne, wtedy nie b\u0119dziecie mie\u0107 problemu z wydawaniem reszty na pocz\u0105tku. Je\u015bli chodzi o plakaty, dobrze jest te\u017c przygotowa\u0107 jeden wi\u0119kszy, kt\u00f3ry zawi\u015bnie przy samym stoisku, gdzie szczeg\u00f3\u0142owo mo\u017cecie wyja\u015bni\u0107 na co zbieracie pieni\u0105dze.<\/span><\/p><\/li><\/ul><p><b style=\"font-weight: normal;\">\u00a0<\/b><\/p><p dir=\"ltr\" style=\"line-height: 1.38; margin-top: 0pt; margin-bottom: 0pt;\"><span style=\"font-size: 11pt; font-family: Montserrat,sans-serif; color: #000000; background-color: transparent; font-weight: 400; font-style: normal; font-variant: normal; text-decoration: none; vertical-align: baseline; white-space: pre-wrap;\">Je\u015bli chodzi o kwesti\u0119 ceny ciastek zale\u017cy to od was &#8211;\u00a0 wiadomo, \u017ce 10 z\u0142 za kawa\u0142ek jest zbyt wysok\u0105 cen\u0105 i ludzie nie b\u0119d\u0105 tak ch\u0119tni, aby kupowa\u0107 wasze ciasta.\u00a0<\/span><\/p><p dir=\"ltr\" style=\"line-height: 1.38; margin-top: 0pt; margin-bottom: 0pt;\"><span style=\"font-size: 11pt; font-family: Montserrat,sans-serif; color: #000000; background-color: transparent; font-weight: 400; font-style: normal; font-variant: normal; text-decoration: none; vertical-align: baseline; white-space: pre-wrap;\">Z naszego do\u015bwiadczenia wynika, \u017ce cena 5 lub 6 z\u0142 za kawa\u0142ek jest odpowiednia, ale mo\u017cecie troch\u0119 testowa\u0107 rynek, sprawdzi\u0107 czy ludzie kupuj\u0105 ciastka za 7, mo\u017ce wam si\u0119 uda. Warto doda\u0107 te\u017c informacj\u0119, \u017ce ludzie mog\u0105 wp\u0142aca\u0107 tyle ile chc\u0105 i jako\u015b to podkre\u015bli\u0107. Je\u015bli zbieracie pieni\u0105dze na rzecz fundacji, to cz\u0119sto ludzie wp\u0142acaj\u0105 wi\u0119cej. Pami\u0119tajcie, \u017ce organizowanie stoiska<\/span><\/p><p><b style=\"font-weight: normal;\">\u00a0<\/b><\/p><p dir=\"ltr\" style=\"line-height: 1.38; margin-top: 0pt; margin-bottom: 0pt;\"><span style=\"font-size: 11pt; font-family: Montserrat,sans-serif; color: #000000; background-color: transparent; font-weight: 400; font-style: normal; font-variant: normal; text-decoration: none; vertical-align: baseline; white-space: pre-wrap;\">Wa\u017cne aby na stoisku by\u0142o kilka rodzaj\u00f3w przysmak\u00f3w, zaanga\u017cujcie wi\u0119c w akcj\u0119 wi\u0119cej ludzi, ustalcie, \u017ce ka\u017cdy z was robi jeden lub dwa rodzaje przyk\u0142adowych ciast, na stoisku r\u00f3wnie\u017c mo\u017ce pojawi\u0107 si\u0119 co\u015b nies\u0142odkiego. Du\u017ca r\u00f3\u017cnorodno\u015b\u0107 przyniesie wi\u0119ksz\u0105 ilo\u015b\u0107 darczy\u0144c\u00f3w i b\u0119d\u0105 oni wraca\u0107 p\u00f3\u017aniej, aby spr\u00f3bowa\u0107 innych smako\u0142yk\u00f3w.<\/span><\/p><p><b style=\"font-weight: normal;\">\u00a0<\/b><\/p><p dir=\"ltr\" style=\"line-height: 1.38; margin-top: 0pt; margin-bottom: 0pt;\"><span style=\"font-size: 11pt; font-family: Montserrat,sans-serif; color: #000000; background-color: transparent; font-weight: 400; font-style: normal; font-variant: normal; text-decoration: none; vertical-align: baseline; white-space: pre-wrap;\">Kwestia, o kt\u00f3rej warto pami\u0119ta\u0107, to koszty zwi\u0105zane z waszym stoiskiem. Pieni\u0105dze kt\u00f3re wydajecie na sk\u0142adniki, czy serwetki wchodz\u0105 w koszty waszego przedsi\u0119wzi\u0119cia. Od was zale\u017cy, czy ze wszystkich pieni\u0119dzy, kt\u00f3re zbierzecie ze sprzeda\u017cy we\u017amiecie dla siebie kwot\u0119, kt\u00f3r\u0105 wydali\u015bcie na sk\u0142adniki, ale je\u015bli np. rodzice za\u0142atwili wam sk\u0142adniki i powiedz\u0105, \u017ce nie musicie ich oddawa\u0107, to ca\u0142y bud\u017cet p\u00f3jdzie na przeznaczony dla was cel.<\/span><\/p><p>\u00a0<\/p><p dir=\"ltr\" style=\"line-height: 1.38; margin-top: 0pt; margin-bottom: 0pt;\"><span style=\"font-size: 11pt; font-family: Montserrat,sans-serif; color: #000000; background-color: transparent; font-weight: 400; font-style: normal; font-variant: normal; text-decoration: none; vertical-align: baseline; white-space: pre-wrap;\">Zajrzyjcie te\u017c do zak\u0142adki \u201cIstotne wskaz\u00f3wki\u201d, aby dowiedzie\u0107 si\u0119 o pomocnych dzia\u0142aniach, kt\u00f3re mog\u0105 si\u0119 wam przyda\u0107.<\/span><\/p>\t\t\t\t\t\t<\/div>\n\t\t\t\t<\/div>\n\t\t\t\t\t<\/div>\n\t\t<\/div>\n\t\t\t\t\t\t\t<\/div>\n\t\t<\/section>\n\t\t\t\t\t\t<\/div>\n\t\t\t\t\t<\/div>\n\t\t","protected":false},"excerpt":{"rendered":"<p>Kiermaszowe Stoisko Jednym z najpopularniejszych sposob\u00f3w na zebranie pieni\u0119dzy na szkoln\u0105 akcj\u0119 jest stworzenie stoiska z jedzeniem. Stoisko dzia\u0142a w przerwach mi\u0119dzy lekcjami, uczniowie i nauczyciele mog\u0105 kupi\u0107 tam r\u00f3\u017cne przysmaki, a pieni\u0105dze p\u00f3jd\u0105 na wa\u017cny dla ciebie cel. Nale\u017cy kupi\u0107 sk\u0142adniki i zrobi\u0107 dany rodzaj np. ciasta. Wa\u017cne, \u017ceby rzecz, kt\u00f3r\u0105 upieczecie by\u0142a \u0142atwa &hellip;<\/p>\n<p class=\"read-more\"> <a class=\"\" href=\"http:\/\/nawigator.bsr.edu.pl\/?page_id=303\"> <span class=\"screen-reader-text\">Kiermaszowe Stoisko<\/span> Read More &raquo;<\/a><\/p>\n","protected":false},"author":1,"featured_media":0,"parent":0,"menu_order":0,"comment_status":"closed","ping_status":"closed","template":"","meta":{"site-sidebar-layout":"no-sidebar","site-content-layout":"page-builder","ast-main-header-display":"","ast-hfb-above-header-display":"","ast-hfb-below-header-display":"","ast-hfb-mobile-header-display":"","site-post-title":"disabled","ast-breadcrumbs-content":"","ast-featured-img":"disabled","footer-sml-layout":"","theme-transparent-header-meta":"","adv-header-id-meta":"","stick-header-meta":"","header-above-stick-meta":"","header-main-stick-meta":"","header-below-stick-meta":"","footnotes":""},"class_list":["post-303","page","type-page","status-publish","hentry"],"_links":{"self":[{"href":"http:\/\/nawigator.bsr.edu.pl\/index.php?rest_route=\/wp\/v2\/pages\/303","targetHints":{"allow":["GET"]}}],"collection":[{"href":"http:\/\/nawigator.bsr.edu.pl\/index.php?rest_route=\/wp\/v2\/pages"}],"about":[{"href":"http:\/\/nawigator.bsr.edu.pl\/index.php?rest_route=\/wp\/v2\/types\/page"}],"author":[{"embeddable":true,"href":"http:\/\/nawigator.bsr.edu.pl\/index.php?rest_route=\/wp\/v2\/users\/1"}],"replies":[{"embeddable":true,"href":"http:\/\/nawigator.bsr.edu.pl\/index.php?rest_route=%2Fwp%2Fv2%2Fcomments&post=303"}],"version-history":[{"count":10,"href":"http:\/\/nawigator.bsr.edu.pl\/index.php?rest_route=\/wp\/v2\/pages\/303\/revisions"}],"predecessor-version":[{"id":435,"href":"http:\/\/nawigator.bsr.edu.pl\/index.php?rest_route=\/wp\/v2\/pages\/303\/revisions\/435"}],"wp:attachment":[{"href":"http:\/\/nawigator.bsr.edu.pl\/index.php?rest_route=%2Fwp%2Fv2%2Fmedia&parent=303"}],"curies":[{"name":"wp","href":"https:\/\/api.w.org\/{rel}","templated":true}]}}