{"id":378,"date":"2022-03-24T08:47:19","date_gmt":"2022-03-24T08:47:19","guid":{"rendered":"http:\/\/nawigator.bsr.edu.pl\/?page_id=378"},"modified":"2022-03-24T10:42:04","modified_gmt":"2022-03-24T10:42:04","slug":"crowdfundong","status":"publish","type":"page","link":"http:\/\/nawigator.bsr.edu.pl\/?page_id=378","title":{"rendered":"Crowdfunding"},"content":{"rendered":"\t\t<div data-elementor-type=\"wp-page\" data-elementor-id=\"378\" class=\"elementor elementor-378\" data-elementor-settings=\"[]\">\n\t\t\t\t\t\t\t<div class=\"elementor-section-wrap\">\n\t\t\t\t\t\t\t<section class=\"elementor-section elementor-top-section elementor-element elementor-element-8e660e5 elementor-section-boxed elementor-section-height-default elementor-section-height-default\" data-id=\"8e660e5\" data-element_type=\"section\" data-settings=\"{&quot;background_background&quot;:&quot;classic&quot;,&quot;shape_divider_bottom&quot;:&quot;mountains&quot;}\">\n\t\t\t\t\t\t\t<div class=\"elementor-background-overlay\"><\/div>\n\t\t\t\t\t\t<div class=\"elementor-shape elementor-shape-bottom\" data-negative=\"false\">\n\t\t\t<svg xmlns=\"http:\/\/www.w3.org\/2000\/svg\" viewBox=\"0 0 1000 100\" preserveAspectRatio=\"none\">\n\t<path class=\"elementor-shape-fill\" opacity=\"0.33\" d=\"M473,67.3c-203.9,88.3-263.1-34-320.3,0C66,119.1,0,59.7,0,59.7V0h1000v59.7 c0,0-62.1,26.1-94.9,29.3c-32.8,3.3-62.8-12.3-75.8-22.1C806,49.6,745.3,8.7,694.9,4.7S492.4,59,473,67.3z\"\/>\n\t<path class=\"elementor-shape-fill\" opacity=\"0.66\" d=\"M734,67.3c-45.5,0-77.2-23.2-129.1-39.1c-28.6-8.7-150.3-10.1-254,39.1 s-91.7-34.4-149.2,0C115.7,118.3,0,39.8,0,39.8V0h1000v36.5c0,0-28.2-18.5-92.1-18.5C810.2,18.1,775.7,67.3,734,67.3z\"\/>\n\t<path class=\"elementor-shape-fill\" d=\"M766.1,28.9c-200-57.5-266,65.5-395.1,19.5C242,1.8,242,5.4,184.8,20.6C128,35.8,132.3,44.9,89.9,52.5C28.6,63.7,0,0,0,0 h1000c0,0-9.9,40.9-83.6,48.1S829.6,47,766.1,28.9z\"\/>\n<\/svg>\t\t<\/div>\n\t\t\t\t\t<div class=\"elementor-container elementor-column-gap-default\">\n\t\t\t\t\t<div class=\"elementor-column elementor-col-100 elementor-top-column elementor-element elementor-element-22ab6fa\" data-id=\"22ab6fa\" data-element_type=\"column\">\n\t\t\t<div class=\"elementor-widget-wrap elementor-element-populated\">\n\t\t\t\t\t\t\t\t<div class=\"elementor-element elementor-element-f22116b elementor-widget elementor-widget-heading\" data-id=\"f22116b\" data-element_type=\"widget\" data-widget_type=\"heading.default\">\n\t\t\t\t<div class=\"elementor-widget-container\">\n\t\t\t<style>\/*! elementor - v3.5.6 - 28-02-2022 *\/\n.elementor-heading-title{padding:0;margin:0;line-height:1}.elementor-widget-heading .elementor-heading-title[class*=elementor-size-]>a{color:inherit;font-size:inherit;line-height:inherit}.elementor-widget-heading .elementor-heading-title.elementor-size-small{font-size:15px}.elementor-widget-heading .elementor-heading-title.elementor-size-medium{font-size:19px}.elementor-widget-heading .elementor-heading-title.elementor-size-large{font-size:29px}.elementor-widget-heading .elementor-heading-title.elementor-size-xl{font-size:39px}.elementor-widget-heading .elementor-heading-title.elementor-size-xxl{font-size:59px}<\/style><h2 class=\"elementor-heading-title elementor-size-default\">Crowdfunding<\/h2>\t\t<\/div>\n\t\t\t\t<\/div>\n\t\t\t\t\t<\/div>\n\t\t<\/div>\n\t\t\t\t\t\t\t<\/div>\n\t\t<\/section>\n\t\t\t\t<section class=\"elementor-section elementor-top-section elementor-element elementor-element-0603e3a elementor-section-boxed elementor-section-height-default elementor-section-height-default\" data-id=\"0603e3a\" data-element_type=\"section\">\n\t\t\t\t\t\t<div class=\"elementor-container elementor-column-gap-default\">\n\t\t\t\t\t<div class=\"elementor-column elementor-col-100 elementor-top-column elementor-element elementor-element-bb08209\" data-id=\"bb08209\" data-element_type=\"column\">\n\t\t\t<div class=\"elementor-widget-wrap elementor-element-populated\">\n\t\t\t\t\t\t\t\t<div class=\"elementor-element elementor-element-68e6410 elementor-widget elementor-widget-text-editor\" data-id=\"68e6410\" data-element_type=\"widget\" data-widget_type=\"text-editor.default\">\n\t\t\t\t<div class=\"elementor-widget-container\">\n\t\t\t<style>\/*! elementor - v3.5.6 - 28-02-2022 *\/\n.elementor-widget-text-editor.elementor-drop-cap-view-stacked .elementor-drop-cap{background-color:#818a91;color:#fff}.elementor-widget-text-editor.elementor-drop-cap-view-framed .elementor-drop-cap{color:#818a91;border:3px solid;background-color:transparent}.elementor-widget-text-editor:not(.elementor-drop-cap-view-default) .elementor-drop-cap{margin-top:8px}.elementor-widget-text-editor:not(.elementor-drop-cap-view-default) .elementor-drop-cap-letter{width:1em;height:1em}.elementor-widget-text-editor .elementor-drop-cap{float:left;text-align:center;line-height:1;font-size:50px}.elementor-widget-text-editor .elementor-drop-cap-letter{display:inline-block}<\/style>\t\t\t\t<p dir=\"ltr\" style=\"line-height: 1.38; margin-top: 0pt; margin-bottom: 0pt;\"><span style=\"font-size: 11pt; font-family: Montserrat,sans-serif; color: #000000; background-color: transparent; font-weight: 400; font-style: normal; font-variant: normal; text-decoration: none; vertical-align: baseline; white-space: pre-wrap;\">Crowdfunding (finansowanie spo\u0142eczno\u015bciowe) to forma zbierania pieni\u0119dzy pozwalaj\u0105ca dotrze\u0107 do wielu odbiorc\u00f3w, skupiaj\u0105ca si\u0119 na zdobywaniu wielu ma\u0142ych wp\u0142at zamiast szukaniu np. jednego sponsora. Polega na utworzeniu zbi\u00f3rki pieni\u0119dzy w internecie, na kt\u00f3r\u0105 ka\u017cdy mo\u017ce wp\u0142aci\u0107 wybran\u0105 przez siebie sum\u0119 pieni\u0119dzy. Dzi\u0119ki takiej formie mo\u017cesz uzyska\u0107 finansowanie od os\u00f3b kt\u00f3rych nawet nie znasz, jedyne kryterium jest takie, \u017ce musz\u0105 uwierzy\u0107 w tw\u00f3j pomys\u0142 i chcie\u0107 go wspiera\u0107.<\/span><\/p><p dir=\"ltr\" style=\"line-height: 1.38; margin-top: 0pt; margin-bottom: 0pt;\"><span style=\"font-size: 11pt; font-family: Montserrat,sans-serif; color: #000000; background-color: transparent; font-weight: 400; font-style: normal; font-variant: normal; text-decoration: none; vertical-align: baseline; white-space: pre-wrap;\">Na pocz\u0105tku, gdy wiesz ju\u017c jaki projekt chcesz sfinansowa\u0107, oraz ile pieni\u0119dzy potrzebujesz, warto zastanowi\u0107 si\u0119 nad platform\u0105 crowdfundingow\u0105 kt\u00f3r\u0105 wybierzesz. Taka platforma to strona internetowa, na kt\u00f3rej po za\u0142o\u017ceniu profilu inni b\u0119d\u0105 mogli wspiera\u0107 tw\u00f3j projekt. Najpopularniejszymi serwisami tego typu s\u0105 na przyk\u0142ad ,,Siepomaga.pl\u201d czy ,,zrzutka.pl\u201d. Przed wybraniem serwisu warto sprawdzi\u0107 kilka r\u00f3\u017cnych opcji, i zwr\u00f3ci\u0107 uwag\u0119 na takie rzeczy jak prowizja od zgromadzonych wp\u0142at, op\u0142aty transakcyjne, czy popularno\u015b\u0107 serwisu (w ko\u0144cu ch\u0119tniej wp\u0142acisz pieni\u0105dze na serwis o kt\u00f3rym s\u0142ysza\u0142e\u015b i pozytywnie ci si\u0119 kojarzy ni\u017c na nieznany Ci wcze\u015bniej portal).<\/span><\/p><p dir=\"ltr\" style=\"line-height: 1.38; margin-top: 0pt; margin-bottom: 0pt;\"><span style=\"font-size: 11pt; font-family: Montserrat,sans-serif; color: #000000; background-color: transparent; font-weight: 400; font-style: normal; font-variant: normal; text-decoration: none; vertical-align: baseline; white-space: pre-wrap;\">Potrzebujesz te\u017c jasno okre\u015blonego rodzaju dzia\u0142alno\u015bci, na rzecz kt\u00f3rej zbierasz pieni\u0105dze. Ma to znaczenie poniewa\u017c niekt\u00f3re serwisy daj\u0105 mo\u017cliwo\u015b\u0107 zbierania pieni\u0119dzy tylko dla np. Fundacji czy firm, inne natomiast mog\u0105 oferowa\u0107 dowolno\u015b\u0107, tzn. r\u00f3wnie\u017c zbieranie pieni\u0119dzy jako osoby prywatne.\u00a0<\/span><\/p><p dir=\"ltr\">\u00a0<\/p><p dir=\"ltr\" style=\"line-height: 1.38; margin-top: 0pt; margin-bottom: 0pt;\"><span style=\"font-size: 11pt; font-family: Montserrat,sans-serif; color: #000000; background-color: transparent; font-weight: 400; font-style: normal; font-variant: normal; text-decoration: none; vertical-align: baseline; white-space: pre-wrap;\">Bardzo wa\u017cn\u0105 cz\u0119\u015bci\u0105 Crowdfundingu jest odpowiednia promocja. Im wi\u0119cej ludzi us\u0142yszy o twoim pomy\u015ble, tym wi\u0119ksza szansa, \u017ce kto\u015b zdecyduje si\u0119 go wesprze\u0107. Dlatego szukaj rozg\u0142osu wsz\u0119dzie gdzie si\u0119 da. Oto kilka pomys\u0142\u00f3w gdzie mo\u017cna si\u0119 zwr\u00f3ci\u0107 o tak\u0105 pomoc:<\/span><\/p><ul><li dir=\"ltr\" style=\"line-height: 1.38;\"><span style=\"font-size: 11pt; font-family: Montserrat,sans-serif; color: #000000; background-color: transparent; font-weight: 400; font-style: normal; font-variant: normal; text-decoration: none; vertical-align: baseline; white-space: pre-wrap;\">Znajomi<\/span><\/li><li dir=\"ltr\" style=\"line-height: 1.38;\"><span style=\"font-size: 11pt; font-family: Montserrat,sans-serif; color: #000000; background-color: transparent; font-weight: 400; font-style: normal; font-variant: normal; text-decoration: none; vertical-align: baseline; white-space: pre-wrap;\">Rodzice<\/span><\/li><li dir=\"ltr\" style=\"line-height: 1.38;\"><span style=\"font-size: 11pt; font-family: Montserrat,sans-serif; color: #000000; background-color: transparent; font-weight: 400; font-style: normal; font-variant: normal; text-decoration: none; vertical-align: baseline; white-space: pre-wrap;\">Nauczyciele<\/span><\/li><li dir=\"ltr\" style=\"line-height: 1.38;\"><span style=\"font-size: 11pt; font-family: Montserrat,sans-serif; color: #000000; background-color: transparent; font-weight: 400; font-style: normal; font-variant: normal; text-decoration: none; vertical-align: baseline; white-space: pre-wrap;\">Og\u0142aszanie si\u0119 na Facebooku <\/span><\/li><li dir=\"ltr\" style=\"line-height: 1.38;\"><span style=\"font-size: 11pt; font-family: Montserrat,sans-serif; color: #000000; background-color: transparent; font-weight: 400; font-style: normal; font-variant: normal; text-decoration: none; vertical-align: baseline; white-space: pre-wrap;\">Gazety<\/span><\/li><li dir=\"ltr\" style=\"line-height: 1.38;\"><span style=\"font-size: 11pt; font-family: Montserrat,sans-serif; color: #000000; background-color: transparent; font-weight: 400; font-style: normal; font-variant: normal; text-decoration: none; vertical-align: baseline; white-space: pre-wrap;\">Telewizja<\/span><\/li><\/ul><p dir=\"ltr\" style=\"line-height: 1.38; margin-top: 0pt; margin-bottom: 0pt;\"><span style=\"font-size: 11pt; font-family: Montserrat,sans-serif; color: #000000; background-color: transparent; font-weight: 400; font-style: normal; font-variant: normal; text-decoration: none; vertical-align: baseline; white-space: pre-wrap;\">Tak! Mo\u017cesz napisa\u0107 nawet do gazet czy do telewizji, kto wie, mo\u017ce tw\u00f3j pomys\u0142 ich zainteresuje? Pami\u0119taj: jeste\u015b nastolatkiem, i to jest twoja wielka przewaga. Wszelkie projekty tworzone przez m\u0142odych ludzi s\u0105 dobrze kojarzone, a ka\u017cda wi\u0119ksza firma chcia\u0142aby m\u00f3c pochwali\u0107 si\u0119 wspieraniem jakiego\u015b projektu m\u0142odzie\u017cowego. Zastan\u00f3w si\u0119, mo\u017ce mo\u017cesz zaproponowa\u0107 co\u015b jakiemu\u015b portalowi, gazecie czy telewizji, by w zamian za ich promocj\u0119 zamie\u015bci\u0107 je na stronie szko\u0142y, czy jako\u015b inaczej je promowa\u0107.\u00a0<\/span><\/p><p dir=\"ltr\" style=\"line-height: 1.38; margin-top: 0pt; margin-bottom: 0pt;\"><span style=\"font-size: 11pt; font-family: Montserrat,sans-serif; color: #000000; background-color: transparent; font-weight: 400; font-style: normal; font-variant: normal; text-decoration: none; vertical-align: baseline; white-space: pre-wrap;\">Przyk\u0142adowe platformy crowdfundingowe:<\/span><\/p><ul><li dir=\"ltr\" style=\"line-height: 1.38;\"><span style=\"font-size: 11pt; font-family: Montserrat,sans-serif; color: #000000; background-color: transparent; font-weight: 400; font-style: normal; font-variant: normal; text-decoration: none; vertical-align: baseline; white-space: pre-wrap;\">zrzutka.pl- brak prowizji dla platformy oraz operatora p\u0142atno\u015bci, wszystkie pieni\u0105dze id\u0105 do was.<\/span><\/li><li dir=\"ltr\" style=\"line-height: 1.38;\"><span style=\"font-size: 11pt; font-family: Montserrat,sans-serif; color: #000000; background-color: transparent; font-weight: 400; font-style: normal; font-variant: normal; text-decoration: none; vertical-align: baseline; white-space: pre-wrap;\">wspieram.to<\/span><\/li><li dir=\"ltr\" style=\"line-height: 1.38;\"><span style=\"font-size: 11pt; font-family: Montserrat,sans-serif; color: #000000; background-color: transparent; font-weight: 400; font-style: normal; font-variant: normal; text-decoration: none; vertical-align: baseline; white-space: pre-wrap;\">Polakpotrafi.pl<\/span><\/li><li dir=\"ltr\" style=\"line-height: 1.38;\"><span style=\"font-size: 11pt; font-family: Montserrat,sans-serif; color: #000000; background-color: transparent; font-weight: 400; font-style: normal; font-variant: normal; text-decoration: none; vertical-align: baseline; white-space: pre-wrap;\">Pomagam.pl<\/span><\/li><li dir=\"ltr\" style=\"line-height: 1.38;\"><span style=\"font-size: 11pt; font-family: Montserrat,sans-serif; color: #000000; background-color: transparent; font-weight: 400; font-style: normal; font-variant: normal; text-decoration: none; vertical-align: baseline; white-space: pre-wrap;\">Siepomaga.pl<\/span><\/li><\/ul><p dir=\"ltr\" style=\"line-height: 1.38; margin-top: 0pt; margin-bottom: 0pt;\"><span style=\"font-size: 11pt; font-family: Montserrat,sans-serif; color: #000000; background-color: transparent; font-weight: 400; font-style: normal; font-variant: normal; text-decoration: none; vertical-align: baseline; white-space: pre-wrap;\">Zwykle na rozpocz\u0119cie zbi\u00f3rki potrzebujesz nast\u0119puj\u0105cych informacji:<\/span><\/p><ul><li dir=\"ltr\" style=\"line-height: 1.38;\"><span style=\"font-size: 11pt; font-family: Montserrat,sans-serif; color: #000000; background-color: transparent; font-weight: 400; font-style: normal; font-variant: normal; text-decoration: none; vertical-align: baseline; white-space: pre-wrap;\">Zbierana kwota &#8211; zwracaj uwag\u0119 na op\u0142aty, kt\u00f3re mog\u0105 by\u0107 odprowadzane od pieni\u0119dzy wp\u0142aconych na Tw\u00f3j cel. Mo\u017ce to by\u0107 prowizja dla platformy (0-3%), prowizja operatora p\u0142atno\u015bci (0-3%), oraz podatek od dochod\u00f3w (19%). Rzeczywista warto\u015b\u0107 op\u0142at zale\u017cy od serwisu.<\/span><\/li><li dir=\"ltr\" style=\"line-height: 1.38;\"><span style=\"font-size: 11pt; font-family: Montserrat,sans-serif; color: #000000; background-color: transparent; font-weight: 400; font-style: normal; font-variant: normal; text-decoration: none; vertical-align: baseline; white-space: pre-wrap;\">Czas trwania zbi\u00f3rki- musisz okre\u015bli\u0107 dat\u0119 startu, dat\u0119 zako\u0144czenia oraz czas trwania zbi\u00f3rki.<\/span><\/li><li dir=\"ltr\" style=\"line-height: 1.38;\"><span style=\"font-size: 11pt; font-family: Montserrat,sans-serif; color: #000000; background-color: transparent; font-weight: 400; font-style: normal; font-variant: normal; text-decoration: none; vertical-align: baseline; white-space: pre-wrap;\">Model zrzutki &#8211; jest to opcja dost\u0119pna tylko w niekt\u00f3rych serwisach. Wybra\u0107 mo\u017cna zrzutk\u0119 publiczn\u0105 (dost\u0119pn\u0105 dla ka\u017cdej osoby chc\u0105cej Ci\u0119 wesprze\u0107) b\u0105d\u017a zbi\u00f3rk\u0119 prywatn\u0105 (dost\u0119pn\u0105 tylko dla os\u00f3b kt\u00f3rym udost\u0119pnisz zbi\u00f3rk\u0119 i dasz dost\u0119p do wp\u0142acania \u015brodk\u00f3w). <\/span><\/li><li dir=\"ltr\" style=\"line-height: 1.38;\"><span style=\"font-size: 11pt; font-family: Montserrat,sans-serif; color: #000000; background-color: transparent; font-weight: 400; font-style: normal; font-variant: normal; text-decoration: none; vertical-align: baseline; white-space: pre-wrap;\">Podzi\u0119kowanie za wp\u0142at\u0119 &#8211; jest to opcja dodatkowa, ale warto pami\u0119ta\u0107 o tym by podzi\u0119kowa\u0107 w kilku s\u0142owach osobom wspieraj\u0105cymTw\u00f3j projekt.<\/span><\/li><\/ul><p dir=\"ltr\" style=\"line-height: 1.38; margin-top: 0pt; margin-bottom: 0pt;\"><span style=\"font-size: 11pt; font-family: Montserrat,sans-serif; color: #000000; background-color: transparent; font-weight: 400; font-style: normal; font-variant: normal; text-decoration: none; vertical-align: baseline; white-space: pre-wrap;\">Masz oczywi\u015bcie o wiele wi\u0119cej opcji dostosowania do siebie zbi\u00f3rki, takich jak kategoria zrzutki czy wp\u0142ata minimalna, ale spokojnie, wszystkie te opcje s\u0105 bardzo dobrze wyt\u0142umaczone na platformach.\u00a0<\/span><\/p><div><span style=\"font-size: 11pt; font-family: Montserrat,sans-serif; color: #000000; background-color: transparent; font-weight: 400; font-style: normal; font-variant: normal; text-decoration: none; vertical-align: baseline; white-space: pre-wrap;\">\u00a0<\/span><\/div>\t\t\t\t\t\t<\/div>\n\t\t\t\t<\/div>\n\t\t\t\t\t<\/div>\n\t\t<\/div>\n\t\t\t\t\t\t\t<\/div>\n\t\t<\/section>\n\t\t\t\t\t\t<\/div>\n\t\t\t\t\t<\/div>\n\t\t","protected":false},"excerpt":{"rendered":"<p>Crowdfunding Crowdfunding (finansowanie spo\u0142eczno\u015bciowe) to forma zbierania pieni\u0119dzy pozwalaj\u0105ca dotrze\u0107 do wielu odbiorc\u00f3w, skupiaj\u0105ca si\u0119 na zdobywaniu wielu ma\u0142ych wp\u0142at zamiast szukaniu np. jednego sponsora. Polega na utworzeniu zbi\u00f3rki pieni\u0119dzy w internecie, na kt\u00f3r\u0105 ka\u017cdy mo\u017ce wp\u0142aci\u0107 wybran\u0105 przez siebie sum\u0119 pieni\u0119dzy. Dzi\u0119ki takiej formie mo\u017cesz uzyska\u0107 finansowanie od os\u00f3b kt\u00f3rych nawet nie znasz, jedyne &hellip;<\/p>\n<p class=\"read-more\"> <a class=\"\" href=\"http:\/\/nawigator.bsr.edu.pl\/?page_id=378\"> <span class=\"screen-reader-text\">Crowdfunding<\/span> Read More &raquo;<\/a><\/p>\n","protected":false},"author":1,"featured_media":0,"parent":0,"menu_order":0,"comment_status":"closed","ping_status":"closed","template":"","meta":{"site-sidebar-layout":"no-sidebar","site-content-layout":"page-builder","ast-main-header-display":"","ast-hfb-above-header-display":"","ast-hfb-below-header-display":"","ast-hfb-mobile-header-display":"","site-post-title":"disabled","ast-breadcrumbs-content":"","ast-featured-img":"disabled","footer-sml-layout":"","theme-transparent-header-meta":"","adv-header-id-meta":"","stick-header-meta":"","header-above-stick-meta":"","header-main-stick-meta":"","header-below-stick-meta":"","footnotes":""},"class_list":["post-378","page","type-page","status-publish","hentry"],"_links":{"self":[{"href":"http:\/\/nawigator.bsr.edu.pl\/index.php?rest_route=\/wp\/v2\/pages\/378","targetHints":{"allow":["GET"]}}],"collection":[{"href":"http:\/\/nawigator.bsr.edu.pl\/index.php?rest_route=\/wp\/v2\/pages"}],"about":[{"href":"http:\/\/nawigator.bsr.edu.pl\/index.php?rest_route=\/wp\/v2\/types\/page"}],"author":[{"embeddable":true,"href":"http:\/\/nawigator.bsr.edu.pl\/index.php?rest_route=\/wp\/v2\/users\/1"}],"replies":[{"embeddable":true,"href":"http:\/\/nawigator.bsr.edu.pl\/index.php?rest_route=%2Fwp%2Fv2%2Fcomments&post=378"}],"version-history":[{"count":14,"href":"http:\/\/nawigator.bsr.edu.pl\/index.php?rest_route=\/wp\/v2\/pages\/378\/revisions"}],"predecessor-version":[{"id":429,"href":"http:\/\/nawigator.bsr.edu.pl\/index.php?rest_route=\/wp\/v2\/pages\/378\/revisions\/429"}],"wp:attachment":[{"href":"http:\/\/nawigator.bsr.edu.pl\/index.php?rest_route=%2Fwp%2Fv2%2Fmedia&parent=378"}],"curies":[{"name":"wp","href":"https:\/\/api.w.org\/{rel}","templated":true}]}}